{"id":2315,"date":"2025-06-21T21:53:54","date_gmt":"2025-06-22T00:53:54","guid":{"rendered":"https:\/\/www.gringoinvestor.com\/?page_id=2315"},"modified":"2025-07-04T10:08:15","modified_gmt":"2025-07-04T13:08:15","slug":"shoppings","status":"publish","type":"page","link":"https:\/\/www.gringoinvestor.com\/pt\/fiis\/shoppings\/","title":{"rendered":"FIIs de Shoppings no Brasil: Vis\u00e3o Geral, Rendimentos e Perfis dos Fundos"},"content":{"rendered":"<p>Os FIIs de Shoppings (Fundos de Investimento Imobili\u00e1rio) no Brasil oferecem aos investidores exposi\u00e7\u00e3o a um dos segmentos mais consolidados do mercado imobili\u00e1rio nacional. Esses fundos geralmente det\u00eam participa\u00e7\u00f5es em grandes shoppings centers geradores de renda em todo o pa\u00eds, com contratos de aluguel atrelados \u00e0 infla\u00e7\u00e3o e distribui\u00e7\u00e3o de rendimentos atrativos. Nesta p\u00e1gina, voc\u00ea encontrar\u00e1 uma tabela comparativa com filtros e ordena\u00e7\u00e3o por m\u00e9tricas-chave, incluindo dividend yields, valor de mercado e rela\u00e7\u00e3o pre\u00e7o\/patrim\u00f4nio (P\/VP) de todos os FIIs de Shoppings presentes no IFIX, al\u00e9m de links para an\u00e1lises detalhadas e vis\u00f5es gerais de cada fundo.<\/p>\n\n\n\n<p>Os FIIs de Shoppings s\u00e3o um dos principais componentes tanto do <a href=\"https:\/\/www.gringoinvestor.com\/pt\/fiis\/etf-hert11\/\">ETF HERT11<\/a> e <a href=\"https:\/\/www.gringoinvestor.com\/pt\/fiis\/indice-ifix\/\">\u00edndice IFIX<\/a>.<\/p>\n\n\n\n<p><strong>A mediana do dividend yield dos FIIs de Shoppings presentes no IFIX \u00e9 de 10,88% e o valor patrimonial mediano \u00e9 de 0,80x.<\/strong><\/p>\n\n\n\n<p>Essas informa\u00e7\u00f5es foram atualizadas pela \u00faltima vez em 4 de julho de 2025 e t\u00eam finalidade exclusivamente educativa. Os dividend yields s\u00e3o baseados nas distribui\u00e7\u00f5es dos \u00faltimos 12 meses.<\/p>\n\n\n\n<p>Para saber mais sobre como escolho FIIs de alta qualidade no Brasil, confira meu <a href=\"https:\/\/www.gringoinvestor.com\/pt\/como-escolher-fiis\/\">guia de FIIs<\/a>, ou explore os <a href=\"https:\/\/www.gringoinvestor.com\/pt\/fiis\/gestoras\/\">gestores dos FIIs<\/a> respons\u00e1veis pelos fundos desta lista.<\/p>\n\n\n\n<h2 class=\"wp-block-heading\">FIIs de Shoppings no IFIX<\/h2>\n\n\n\n<div style=\"overflow-x: auto; width: 100%;\">\n  \n<table id=\"tablepress-5\" class=\"tablepress tablepress-id-5\">\n<thead>\n<tr class=\"row-1\">\n\t<th class=\"column-1\"><strong>Ticker<\/strong><\/th><th class=\"column-2\"><strong>Gestor<\/strong><\/th><th class=\"column-3\"><strong>IFIX %<\/strong><\/th><th class=\"column-4\"><strong>V. Merc.<\/strong><\/th><th class=\"column-5\"><strong>DY (%)<\/strong><\/th><th class=\"column-6\"><strong>P\/VP<\/strong><\/th><th class=\"column-7\"><strong>Vis\u00e3o Geral<\/strong><\/th>\n<\/tr>\n<\/thead>\n<tbody class=\"row-striping row-hover\">\n<tr class=\"row-2\">\n\t<td class=\"column-1\"><span style=\"color:#5C5F60;\">XPML11<\/span><\/td><td class=\"column-2\"><span style=\"color:#5C5F60;\">XP Asset Management<\/span><\/td><td class=\"column-3\"><span style=\"color:#5C5F60;\">4.241%<\/span><\/td><td class=\"column-4\"><span style=\"color:#5C5F60;\">R$5.9B<\/span><\/td><td class=\"column-5\"><span style=\"color:#5C5F60;\">10.57%<\/span><\/td><td class=\"column-6\"><span style=\"color:#5C5F60;\">  0.89<\/span><\/td><td class=\"column-7\"><a href=\"https:\/\/www.gringoinvestor.com\/pt\/fiis\/shoppings\/xpml11\/\" title=\"Vis\u00e3o geral do XP Malls FII com dados de dividendos e avalia\u00e7\u00e3o\">Ver<\/a><br \/>\n<\/td>\n<\/tr>\n<tr class=\"row-3\">\n\t<td class=\"column-1\"><span style=\"color:#5C5F60;\">VISC11<\/span><\/td><td class=\"column-2\"><span style=\"color:#5C5F60;\">Vinci Partners<\/span><\/td><td class=\"column-3\"><span style=\"color:#5C5F60;\">2.125%<\/span><\/td><td class=\"column-4\"><span style=\"color:#5C5F60;\">R$3.0B<\/span><\/td><td class=\"column-5\"><span style=\"color:#5C5F60;\">9.41%<\/span><\/td><td class=\"column-6\"><span style=\"color:#5C5F60;\">  0.83<\/span><\/td><td class=\"column-7\"><a href=\"https:\/\/www.gringoinvestor.com\/pt\/fiis\/shoppings\/visc11\/\" title=\"Vis\u00e3o geral do Vinci Shopping Malls FII com dados de dividendos e avalia\u00e7\u00e3o\">Ver<\/a><\/td>\n<\/tr>\n<tr class=\"row-4\">\n\t<td class=\"column-1\"><span style=\"color:#5C5F60;\">HGBS11<\/span><\/td><td class=\"column-2\"><span style=\"color:#5C5F60;\">Hedge Investments<\/span><\/td><td class=\"column-3\"><span style=\"color:#5C5F60;\">1.791%<\/span><\/td><td class=\"column-4\"><span style=\"color:#5C5F60;\">R$2.6B<\/span><\/td><td class=\"column-5\"><span style=\"color:#5C5F60;\">9.91%<\/span><\/td><td class=\"column-6\"><span style=\"color:#5C5F60;\">  0.90<\/span><\/td><td class=\"column-7\"><a href=\"https:\/\/www.gringoinvestor.com\/pt\/fiis\/shoppings\/hgbs11\/\" title=\"Vis\u00e3o geral do Hedge Malls FII com dados de dividendos e avalia\u00e7\u00e3o\">Ver<\/a><\/td>\n<\/tr>\n<tr class=\"row-5\">\n\t<td class=\"column-1\"><span style=\"color:#5C5F60;\">HSML11<\/span><\/td><td class=\"column-2\"><span style=\"color:#5C5F60;\">HSI Investimentos<\/span><\/td><td class=\"column-3\"><span style=\"color:#5C5F60;\">1.257%<\/span><\/td><td class=\"column-4\"><span style=\"color:#5C5F60;\">R$1.8B<\/span><\/td><td class=\"column-5\"><span style=\"color:#5C5F60;\">10.30%<\/span><\/td><td class=\"column-6\"><span style=\"color:#5C5F60;\">  0.78<\/span><\/td><td class=\"column-7\"><a href=\"https:\/\/www.gringoinvestor.com\/pt\/fiis\/shoppings\/hsml11\/\" title=\"Overview of HSI Malls FII with dividend and valuation data\">Ver<\/a><\/td>\n<\/tr>\n<tr class=\"row-6\">\n\t<td class=\"column-1\"><span style=\"color:#5C5F60;\">MALL11<\/span><\/td><td class=\"column-2\"><span style=\"color:#5C5F60;\">Genial<\/span><\/td><td class=\"column-3\"><span style=\"color:#5C5F60;\">1.016%<\/span><\/td><td class=\"column-4\"><span style=\"color:#5C5F60;\">R$1.4B<\/span><\/td><td class=\"column-5\"><span style=\"color:#5C5F60;\">9.64%<\/span><\/td><td class=\"column-6\"><span style=\"color:#5C5F60;\">  0.84<\/span><\/td><td class=\"column-7\"><\/td>\n<\/tr>\n<tr class=\"row-7\">\n\t<td class=\"column-1\"><span style=\"color:#5C5F60;\">GZIT11<\/span><\/td><td class=\"column-2\"><span style=\"color:#5C5F60;\">Gazit Asset<\/span><\/td><td class=\"column-3\"><span style=\"color:#5C5F60;\">0.727%<\/span><\/td><td class=\"column-4\"><span style=\"color:#5C5F60;\">R$1.0B<\/span><\/td><td class=\"column-5\"><span style=\"color:#5C5F60;\">20.13%<\/span><\/td><td class=\"column-6\"><span style=\"color:#5C5F60;\">  0.51<\/span><\/td><td class=\"column-7\"><\/td>\n<\/tr>\n<tr class=\"row-8\">\n\t<td class=\"column-1\"><span style=\"color:#5C5F60;\">CPSH11<\/span><\/td><td class=\"column-2\"><span style=\"color:#5C5F60;\">Capitania Investimentos<\/span><\/td><td class=\"column-3\"><span style=\"color:#5C5F60;\">0.551%<\/span><\/td><td class=\"column-4\"><span style=\"color:#5C5F60;\">R$0.8B<\/span><\/td><td class=\"column-5\"><span style=\"color:#5C5F60;\">12.58%<\/span><\/td><td class=\"column-6\"><span style=\"color:#5C5F60;\">  0.82<\/span><\/td><td class=\"column-7\"><\/td>\n<\/tr>\n<tr class=\"row-9\">\n\t<td class=\"column-1\"><span style=\"color:#5C5F60;\">BBIG11<\/span><\/td><td class=\"column-2\"><span style=\"color:#5C5F60;\">BB Asset<\/span><\/td><td class=\"column-3\"><span style=\"color:#5C5F60;\">0.502%<\/span><\/td><td class=\"column-4\"><span style=\"color:#5C5F60;\">R$0.7B<\/span><\/td><td class=\"column-5\"><span style=\"color:#5C5F60;\">14.15%<\/span><\/td><td class=\"column-6\"><span style=\"color:#5C5F60;\">  0.75<\/span><\/td><td class=\"column-7\"><\/td>\n<\/tr>\n<tr class=\"row-10\">\n\t<td class=\"column-1\"><span style=\"color:#5C5F60;\">BPML11<\/span><\/td><td class=\"column-2\"><span style=\"color:#5C5F60;\">BTG Pactual<\/span><\/td><td class=\"column-3\"><span style=\"color:#5C5F60;\">0.426%<\/span><\/td><td class=\"column-4\"><span style=\"color:#5C5F60;\">R$0.6B<\/span><\/td><td class=\"column-5\"><span style=\"color:#5C5F60;\">17.18%<\/span><\/td><td class=\"column-6\"><span style=\"color:#5C5F60;\">  0.61<\/span><\/td><td class=\"column-7\"><\/td>\n<\/tr>\n<tr class=\"row-11\">\n\t<td class=\"column-1\"><span style=\"color:#5C5F60;\">AJFI11<\/span><\/td><td class=\"column-2\"><span style=\"color:#5C5F60;\">Capitania Investimentos<\/span><\/td><td class=\"column-3\"><span style=\"color:#5C5F60;\">0.165%<\/span><\/td><td class=\"column-4\"><span style=\"color:#5C5F60;\">R$0.2B<\/span><\/td><td class=\"column-5\"><span style=\"color:#5C5F60;\">11.18%<\/span><\/td><td class=\"column-6\"><span style=\"color:#5C5F60;\">  0.60<\/span><\/td><td class=\"column-7\"><\/td>\n<\/tr>\n<\/tbody>\n<\/table>\n<!-- #tablepress-5 from cache -->\n<\/div>\n\n\n\n<p><\/p>\n\n\n\n<h3 class=\"wp-block-heading\">\ud83d\udcdd An\u00e1lises Aprofundadas dos Fundos<\/h3>\n\n\n\n<p>Para uma an\u00e1lise mais detalhada de dois dos FIIs de Shoppings com melhor desempenho, confira as an\u00e1lises aprofundadas abaixo:<\/p>\n\n\n\n<ul class=\"wp-block-list\">\n<li><a href=\"https:\/\/www.gringoinvestor.com\/pt\/xpml11-analise-2025\/\"><strong>An\u00e1lise Aprofundada do XPML11:<\/strong><\/a> Uma an\u00e1lise completa do XP Malls, abordando perfil de dividendos, aquisi\u00e7\u00f5es e estrat\u00e9gia de longo prazo.<\/li>\n\n\n\n<li><a href=\"https:\/\/www.gringoinvestor.com\/pt\/hgbs11-analise-2025\/\"><strong>An\u00e1lise Aprofundada do HGBS11:<\/strong><\/a> Uma an\u00e1lise detalhada dos ativos do HGBS11, da sustentabilidade dos seus rendimentos e da sua avalia\u00e7\u00e3o em rela\u00e7\u00e3o aos concorrentes.<\/li>\n<\/ul>\n\n\n\n<p>Essas an\u00e1lises aprofundadas v\u00e3o al\u00e9m dos indicadores superficiais para avaliar a qualidade da gest\u00e3o, o mix de locat\u00e1rios e os riscos futuros.<\/p>","protected":false},"excerpt":{"rendered":"<p>Brazil\u2019s Shopping Mall FIIs (Fundos de Investimento Imobili\u00e1rio) offer investors exposure to one of the most established segments of the country\u2019s real estate market. These funds typically hold equity stakes in large, income-generating shopping centers across Brazil, providing attractive yields and inflation-linked rental contracts. On this page, you\u2019ll find a sortable comparison of key metrics, [&hellip;]<\/p>","protected":false},"author":1,"featured_media":0,"parent":2262,"menu_order":0,"comment_status":"closed","ping_status":"closed","template":"","meta":{"site-sidebar-layout":"default","site-content-layout":"","ast-site-content-layout":"default","site-content-style":"default","site-sidebar-style":"default","ast-global-header-display":"","ast-banner-title-visibility":"","ast-main-header-display":"","ast-hfb-above-header-display":"","ast-hfb-below-header-display":"","ast-hfb-mobile-header-display":"","site-post-title":"","ast-breadcrumbs-content":"","ast-featured-img":"","footer-sml-layout":"","ast-disable-related-posts":"","theme-transparent-header-meta":"","adv-header-id-meta":"","stick-header-meta":"","header-above-stick-meta":"","header-main-stick-meta":"","header-below-stick-meta":"","astra-migrate-meta-layouts":"set","ast-page-background-enabled":"default","ast-page-background-meta":{"desktop":{"background-color":"","background-image":"","background-repeat":"repeat","background-position":"center center","background-size":"auto","background-attachment":"scroll","background-type":"","background-media":"","overlay-type":"","overlay-color":"","overlay-opacity":"","overlay-gradient":""},"tablet":{"background-color":"","background-image":"","background-repeat":"repeat","background-position":"center center","background-size":"auto","background-attachment":"scroll","background-type":"","background-media":"","overlay-type":"","overlay-color":"","overlay-opacity":"","overlay-gradient":""},"mobile":{"background-color":"","background-image":"","background-repeat":"repeat","background-position":"center center","background-size":"auto","background-attachment":"scroll","background-type":"","background-media":"","overlay-type":"","overlay-color":"","overlay-opacity":"","overlay-gradient":""}},"ast-content-background-meta":{"desktop":{"background-color":"var(--ast-global-color-5)","background-image":"","background-repeat":"repeat","background-position":"center center","background-size":"auto","background-attachment":"scroll","background-type":"","background-media":"","overlay-type":"","overlay-color":"","overlay-opacity":"","overlay-gradient":""},"tablet":{"background-color":"var(--ast-global-color-5)","background-image":"","background-repeat":"repeat","background-position":"center center","background-size":"auto","background-attachment":"scroll","background-type":"","background-media":"","overlay-type":"","overlay-color":"","overlay-opacity":"","overlay-gradient":""},"mobile":{"background-color":"var(--ast-global-color-5)","background-image":"","background-repeat":"repeat","background-position":"center center","background-size":"auto","background-attachment":"scroll","background-type":"","background-media":"","overlay-type":"","overlay-color":"","overlay-opacity":"","overlay-gradient":""}},"footnotes":""},"class_list":["post-2315","page","type-page","status-publish","hentry"],"yoast_head":"<!-- This site is optimized with the Yoast SEO plugin v27.4 - https:\/\/yoast.com\/product\/yoast-seo-wordpress\/ -->\n<title>Brazilian Shopping Mall FIIs (REITs): Overview, Yields, and Fund Profiles - Gringo Investor<\/title>\n<meta name=\"description\" content=\"Explore Brazil\u2019s top Shopping Mall FIIs (REITs) with data on yields, market caps, P\/B values, and IFIX weightings. Includes fund summaries and sortable tables.\" \/>\n<meta name=\"robots\" content=\"index, follow, max-snippet:-1, max-image-preview:large, max-video-preview:-1\" \/>\n<link rel=\"canonical\" href=\"https:\/\/www.gringoinvestor.com\/pt\/fiis\/shoppings\/\" \/>\n<meta property=\"og:locale\" content=\"pt_BR\" \/>\n<meta property=\"og:type\" content=\"article\" \/>\n<meta property=\"og:title\" content=\"Brazilian Shopping Mall FIIs (REITs): Overview, Yields, and Fund Profiles - Gringo Investor\" \/>\n<meta property=\"og:description\" content=\"Explore Brazil\u2019s top Shopping Mall FIIs (REITs) with data on yields, market caps, P\/B values, and IFIX weightings. Includes fund summaries and sortable tables.\" \/>\n<meta property=\"og:url\" content=\"https:\/\/www.gringoinvestor.com\/pt\/fiis\/shoppings\/\" \/>\n<meta property=\"og:site_name\" content=\"Gringo Investor\" \/>\n<meta property=\"article:modified_time\" content=\"2025-07-04T13:08:15+00:00\" \/>\n<meta name=\"twitter:card\" content=\"summary_large_image\" \/>\n<meta name=\"twitter:site\" content=\"@b3gringo\" \/>\n<script type=\"application\/ld+json\" class=\"yoast-schema-graph\">{\"@context\":\"https:\\\/\\\/schema.org\",\"@graph\":[{\"@type\":\"WebPage\",\"@id\":\"https:\\\/\\\/www.gringoinvestor.com\\\/brazilian-reits\\\/shopping-malls\\\/\",\"url\":\"https:\\\/\\\/www.gringoinvestor.com\\\/brazilian-reits\\\/shopping-malls\\\/\",\"name\":\"Brazilian Shopping Mall FIIs (REITs): Overview, Yields, and Fund Profiles - Gringo Investor\",\"isPartOf\":{\"@id\":\"https:\\\/\\\/www.gringoinvestor.com\\\/#website\"},\"datePublished\":\"2025-06-22T00:53:54+00:00\",\"dateModified\":\"2025-07-04T13:08:15+00:00\",\"description\":\"Explore Brazil\u2019s top Shopping Mall FIIs (REITs) with data on yields, market caps, P\\\/B values, and IFIX weightings. Includes fund summaries and sortable tables.\",\"breadcrumb\":{\"@id\":\"https:\\\/\\\/www.gringoinvestor.com\\\/brazilian-reits\\\/shopping-malls\\\/#breadcrumb\"},\"inLanguage\":\"pt-BR\",\"potentialAction\":[{\"@type\":\"ReadAction\",\"target\":[\"https:\\\/\\\/www.gringoinvestor.com\\\/brazilian-reits\\\/shopping-malls\\\/\"]}]},{\"@type\":\"BreadcrumbList\",\"@id\":\"https:\\\/\\\/www.gringoinvestor.com\\\/brazilian-reits\\\/shopping-malls\\\/#breadcrumb\",\"itemListElement\":[{\"@type\":\"ListItem\",\"position\":1,\"name\":\"Home\",\"item\":\"https:\\\/\\\/www.gringoinvestor.com\\\/\"},{\"@type\":\"ListItem\",\"position\":2,\"name\":\"FIIs\",\"item\":\"https:\\\/\\\/www.gringoinvestor.com\\\/brazilian-reits\\\/\"},{\"@type\":\"ListItem\",\"position\":3,\"name\":\"Shopping FIIs\"}]},{\"@type\":\"WebSite\",\"@id\":\"https:\\\/\\\/www.gringoinvestor.com\\\/#website\",\"url\":\"https:\\\/\\\/www.gringoinvestor.com\\\/\",\"name\":\"Gringo Investor\",\"description\":\"Bay Street to B3\",\"publisher\":{\"@id\":\"https:\\\/\\\/www.gringoinvestor.com\\\/#\\\/schema\\\/person\\\/debd4ef6bf9a740a4e645efc4fca4cb7\"},\"potentialAction\":[{\"@type\":\"SearchAction\",\"target\":{\"@type\":\"EntryPoint\",\"urlTemplate\":\"https:\\\/\\\/www.gringoinvestor.com\\\/?s={search_term_string}\"},\"query-input\":{\"@type\":\"PropertyValueSpecification\",\"valueRequired\":true,\"valueName\":\"search_term_string\"}}],\"inLanguage\":\"pt-BR\"},{\"@type\":[\"Person\",\"Organization\"],\"@id\":\"https:\\\/\\\/www.gringoinvestor.com\\\/#\\\/schema\\\/person\\\/debd4ef6bf9a740a4e645efc4fca4cb7\",\"name\":\"Gringo Investor\",\"image\":{\"@type\":\"ImageObject\",\"inLanguage\":\"pt-BR\",\"@id\":\"https:\\\/\\\/www.gringoinvestor.com\\\/wp-content\\\/uploads\\\/2025\\\/05\\\/gringo-investor-logo-brazil-investing.png\",\"url\":\"https:\\\/\\\/www.gringoinvestor.com\\\/wp-content\\\/uploads\\\/2025\\\/05\\\/gringo-investor-logo-brazil-investing.png\",\"contentUrl\":\"https:\\\/\\\/www.gringoinvestor.com\\\/wp-content\\\/uploads\\\/2025\\\/05\\\/gringo-investor-logo-brazil-investing.png\",\"width\":1022,\"height\":386,\"caption\":\"Gringo Investor\"},\"logo\":{\"@id\":\"https:\\\/\\\/www.gringoinvestor.com\\\/wp-content\\\/uploads\\\/2025\\\/05\\\/gringo-investor-logo-brazil-investing.png\"},\"description\":\"Gringo Investor is a Canadian expat living in Brazil, offering insights on navigating the Brazilian stock market, FIIs (REITs), and alternative investments from a foreigner's perspective. With a background in finance, law, and technology, he shares practical analysis of Brazilian investment opportunities for global investors.\",\"sameAs\":[\"http:\\\/\\\/gringoinvestor.com\",\"https:\\\/\\\/x.com\\\/b3gringo\"]}]}<\/script>\n<!-- \/ Yoast SEO plugin. -->","yoast_head_json":{"title":"FIIs de Shoppings no Brasil: Vis\u00e3o Geral, Rendimentos e Perfis dos Fundos \u2013 Gringo Investor","description":"Explore os principais FIIs de Shoppings do Brasil com dados sobre rendimentos, valor de mercado, P\/VP e peso no IFIX. Inclui resumos dos fundos e tabelas interativas.","robots":{"index":"index","follow":"follow","max-snippet":"max-snippet:-1","max-image-preview":"max-image-preview:large","max-video-preview":"max-video-preview:-1"},"canonical":"https:\/\/www.gringoinvestor.com\/pt\/fiis\/shoppings\/","og_locale":"pt_BR","og_type":"article","og_title":"Brazilian Shopping Mall FIIs (REITs): Overview, Yields, and Fund Profiles - Gringo Investor","og_description":"Explore Brazil\u2019s top Shopping Mall FIIs (REITs) with data on yields, market caps, P\/B values, and IFIX weightings. Includes fund summaries and sortable tables.","og_url":"https:\/\/www.gringoinvestor.com\/pt\/fiis\/shoppings\/","og_site_name":"Gringo Investor","article_modified_time":"2025-07-04T13:08:15+00:00","twitter_card":"summary_large_image","twitter_site":"@b3gringo","schema":{"@context":"https:\/\/schema.org","@graph":[{"@type":"WebPage","@id":"https:\/\/www.gringoinvestor.com\/brazilian-reits\/shopping-malls\/","url":"https:\/\/www.gringoinvestor.com\/brazilian-reits\/shopping-malls\/","name":"FIIs de Shoppings no Brasil: Vis\u00e3o Geral, Rendimentos e Perfis dos Fundos \u2013 Gringo Investor","isPartOf":{"@id":"https:\/\/www.gringoinvestor.com\/#website"},"datePublished":"2025-06-22T00:53:54+00:00","dateModified":"2025-07-04T13:08:15+00:00","description":"Explore os principais FIIs de Shoppings do Brasil com dados sobre rendimentos, valor de mercado, P\/VP e peso no IFIX. Inclui resumos dos fundos e tabelas interativas.","breadcrumb":{"@id":"https:\/\/www.gringoinvestor.com\/brazilian-reits\/shopping-malls\/#breadcrumb"},"inLanguage":"pt-BR","potentialAction":[{"@type":"ReadAction","target":["https:\/\/www.gringoinvestor.com\/brazilian-reits\/shopping-malls\/"]}]},{"@type":"BreadcrumbList","@id":"https:\/\/www.gringoinvestor.com\/brazilian-reits\/shopping-malls\/#breadcrumb","itemListElement":[{"@type":"ListItem","position":1,"name":"Home","item":"https:\/\/www.gringoinvestor.com\/"},{"@type":"ListItem","position":2,"name":"FIIs","item":"https:\/\/www.gringoinvestor.com\/brazilian-reits\/"},{"@type":"ListItem","position":3,"name":"Shopping FIIs"}]},{"@type":"WebSite","@id":"https:\/\/www.gringoinvestor.com\/#website","url":"https:\/\/www.gringoinvestor.com\/","name":"Gringo Investor","description":"Da Bay Street para a B3","publisher":{"@id":"https:\/\/www.gringoinvestor.com\/#\/schema\/person\/debd4ef6bf9a740a4e645efc4fca4cb7"},"potentialAction":[{"@type":"SearchAction","target":{"@type":"EntryPoint","urlTemplate":"https:\/\/www.gringoinvestor.com\/?s={search_term_string}"},"query-input":{"@type":"PropertyValueSpecification","valueRequired":true,"valueName":"search_term_string"}}],"inLanguage":"pt-BR"},{"@type":["Person","Organization"],"@id":"https:\/\/www.gringoinvestor.com\/#\/schema\/person\/debd4ef6bf9a740a4e645efc4fca4cb7","name":"Gringo Investor","image":{"@type":"ImageObject","inLanguage":"pt-BR","@id":"https:\/\/www.gringoinvestor.com\/wp-content\/uploads\/2025\/05\/gringo-investor-logo-brazil-investing.png","url":"https:\/\/www.gringoinvestor.com\/wp-content\/uploads\/2025\/05\/gringo-investor-logo-brazil-investing.png","contentUrl":"https:\/\/www.gringoinvestor.com\/wp-content\/uploads\/2025\/05\/gringo-investor-logo-brazil-investing.png","width":1022,"height":386,"caption":"Gringo Investor"},"logo":{"@id":"https:\/\/www.gringoinvestor.com\/wp-content\/uploads\/2025\/05\/gringo-investor-logo-brazil-investing.png"},"description":"Gringo Investor \u00e9 um expatriado canadense vivendo no Brasil, oferecendo insights sobre como navegar pelo mercado de a\u00e7\u00f5es brasileiro, FIIs e investimentos alternativos sob a perspectiva de um estrangeiro. Com forma\u00e7\u00e3o em finan\u00e7as, direito e tecnologia, compartilha an\u00e1lises pr\u00e1ticas sobre oportunidades de investimento no Brasil para investidores globais.","sameAs":["http:\/\/gringoinvestor.com","https:\/\/x.com\/b3gringo"]}]}},"_links":{"self":[{"href":"https:\/\/www.gringoinvestor.com\/pt\/wp-json\/wp\/v2\/pages\/2315","targetHints":{"allow":["GET"]}}],"collection":[{"href":"https:\/\/www.gringoinvestor.com\/pt\/wp-json\/wp\/v2\/pages"}],"about":[{"href":"https:\/\/www.gringoinvestor.com\/pt\/wp-json\/wp\/v2\/types\/page"}],"author":[{"embeddable":true,"href":"https:\/\/www.gringoinvestor.com\/pt\/wp-json\/wp\/v2\/users\/1"}],"replies":[{"embeddable":true,"href":"https:\/\/www.gringoinvestor.com\/pt\/wp-json\/wp\/v2\/comments?post=2315"}],"version-history":[{"count":15,"href":"https:\/\/www.gringoinvestor.com\/pt\/wp-json\/wp\/v2\/pages\/2315\/revisions"}],"predecessor-version":[{"id":3319,"href":"https:\/\/www.gringoinvestor.com\/pt\/wp-json\/wp\/v2\/pages\/2315\/revisions\/3319"}],"up":[{"embeddable":true,"href":"https:\/\/www.gringoinvestor.com\/pt\/wp-json\/wp\/v2\/pages\/2262"}],"wp:attachment":[{"href":"https:\/\/www.gringoinvestor.com\/pt\/wp-json\/wp\/v2\/media?parent=2315"}],"curies":[{"name":"wp","href":"https:\/\/api.w.org\/{rel}","templated":true}]}}