{"id":2339,"date":"2025-06-22T02:28:30","date_gmt":"2025-06-22T05:28:30","guid":{"rendered":"https:\/\/www.gringoinvestor.com\/?page_id=2339"},"modified":"2025-07-04T11:29:14","modified_gmt":"2025-07-04T14:29:14","slug":"escritorios","status":"publish","type":"page","link":"https:\/\/www.gringoinvestor.com\/pt\/fiis\/escritorios\/","title":{"rendered":"FIIs de Escrit\u00f3rios no Brasil: Vis\u00e3o Geral, Rendimentos e Perfis dos Fundos"},"content":{"rendered":"<p>Os FIIs de Escrit\u00f3rios no Brasil oferecem exposi\u00e7\u00e3o ao mercado imobili\u00e1rio corporativo, como torres comerciais e complexos empresariais nos principais centros urbanos do pa\u00eds. Esses fundos podem gerar rendimentos atrativos, mas tamb\u00e9m enfrentam maior risco de vac\u00e2ncia, demanda c\u00edclica por locat\u00e1rios e mudan\u00e7as nas tend\u00eancias de trabalho. Nesta p\u00e1gina, voc\u00ea encontrar\u00e1 uma tabela comparativa com ordena\u00e7\u00e3o por m\u00e9tricas-chave, incluindo dividend yields, valor de mercado e rela\u00e7\u00e3o pre\u00e7o\/patrim\u00f4nio (P\/VP) de todos os FIIs de Escrit\u00f3rios presentes no IFIX, al\u00e9m de links para vis\u00f5es gerais dos fundos.<\/p>\n\n\n\n<p>Os FIIs de Escrit\u00f3rios s\u00e3o um componente tanto do <a href=\"https:\/\/www.gringoinvestor.com\/pt\/fiis\/etf-hert11\/\">ETF HERT11<\/a> e <a href=\"https:\/\/www.gringoinvestor.com\/pt\/fiis\/indice-ifix\/\">\u00edndice IFIX<\/a>.<\/p>\n\n\n\n<p><strong>A mediana do dividend yield dos FIIs de Escrit\u00f3rios presentes no IFIX \u00e9 de 12,26% e o valor patrimonial mediano \u00e9 de 0,73x.<\/strong><\/p>\n\n\n\n<p>Essas informa\u00e7\u00f5es foram atualizadas pela \u00faltima vez em 4 de julho de 2025 e t\u00eam finalidade exclusivamente educativa. Os dividend yields s\u00e3o baseados nas distribui\u00e7\u00f5es dos \u00faltimos 12 meses.<\/p>\n\n\n\n<p>Para saber mais sobre como escolho FIIs de alta qualidade no Brasil, confira meu <a href=\"https:\/\/www.gringoinvestor.com\/pt\/como-escolher-fiis\/\">guia de FIIs<\/a>, ou explore os <a href=\"https:\/\/www.gringoinvestor.com\/pt\/fiis\/gestoras\/\">gestores dos FIIs<\/a> respons\u00e1veis pelos fundos desta lista.<\/p>\n\n\n\n<h2 class=\"wp-block-heading\">FIIs de Escrit\u00f3rios no IFIX<\/h2>\n\n\n\n<div style=\"overflow-x: auto; width: 100%;\">\n  \n<table id=\"tablepress-7\" class=\"tablepress tablepress-id-7\">\n<thead>\n<tr class=\"row-1\">\n\t<th class=\"column-1\"><strong>Ticker<\/strong><\/th><th class=\"column-2\"><strong>Gestor<\/strong><\/th><th class=\"column-3\"><strong>IFIX %<\/strong><\/th><th class=\"column-4\"><strong>V. Merc.<\/strong><\/th><th class=\"column-5\"><strong>DY (%)<\/strong><\/th><th class=\"column-6\"><strong>P\/VP<\/strong><\/th><th class=\"column-7\"><strong>Vis\u00e3o Geral<\/strong><\/th>\n<\/tr>\n<\/thead>\n<tbody class=\"row-striping row-hover\">\n<tr class=\"row-2\">\n\t<td class=\"column-1\"><span style=\"color:#5C5F60;\">PVBI11<\/span><\/td><td class=\"column-2\"><span style=\"color:#5C5F60;\">Patria Investimentos<\/span><\/td><td class=\"column-3\"><span style=\"color:#5C5F60;\">1.48%<\/span><\/td><td class=\"column-4\"><span style=\"color:#5C5F60;\">R$2.1B<\/span><\/td><td class=\"column-5\"><span style=\"color:#5C5F60;\">8.56%<\/span><\/td><td class=\"column-6\"><span style=\"color:#5C5F60;\">  0.73 <\/span><\/td><td class=\"column-7\"><a href=\"https:\/\/www.gringoinvestor.com\/pt\/fiis\/escritorios\/pvbi11\/\" title=\"Vis\u00e3o geral do VBI Prime Properties com dados de dividendos e avalia\u00e7\u00e3o\">Ver<\/a><\/td>\n<\/tr>\n<tr class=\"row-3\">\n\t<td class=\"column-1\"><span style=\"color:#5C5F60;\">HGRE11<\/span><\/td><td class=\"column-2\"><span style=\"color:#5C5F60;\">Patria Investimentos<\/span><\/td><td class=\"column-3\"><span style=\"color:#5C5F60;\">0.98%<\/span><\/td><td class=\"column-4\"><span style=\"color:#5C5F60;\">R$1.4B<\/span><\/td><td class=\"column-5\"><span style=\"color:#5C5F60;\">9.86%<\/span><\/td><td class=\"column-6\"><span style=\"color:#5C5F60;\">  0.74<\/span><\/td><td class=\"column-7\"><\/td>\n<\/tr>\n<tr class=\"row-4\">\n\t<td class=\"column-1\"><span style=\"color:#5C5F60;\">JSRE11<\/span><\/td><td class=\"column-2\"><span style=\"color:#5C5F60;\">JS Real Estate<\/span><\/td><td class=\"column-3\"><span style=\"color:#5C5F60;\">0.95%<\/span><\/td><td class=\"column-4\"><span style=\"color:#5C5F60;\">R$1.3B<\/span><\/td><td class=\"column-5\"><span style=\"color:#5C5F60;\">8.96%<\/span><\/td><td class=\"column-6\"><span style=\"color:#5C5F60;\">  0.63<\/span><\/td><td class=\"column-7\"><\/td>\n<\/tr>\n<tr class=\"row-5\">\n\t<td class=\"column-1\"><span style=\"color:#5C5F60;\">BRCR11<\/span><\/td><td class=\"column-2\"><span style=\"color:#5C5F60;\">BTG Pactual<\/span><\/td><td class=\"column-3\"><span style=\"color:#5C5F60;\">0.81%<\/span><\/td><td class=\"column-4\"><span style=\"color:#5C5F60;\">R$1.1B<\/span><\/td><td class=\"column-5\"><span style=\"color:#5C5F60;\">13.45%<\/span><\/td><td class=\"column-6\"><span style=\"color:#5C5F60;\">  0.49 <\/span><\/td><td class=\"column-7\"><\/td>\n<\/tr>\n<tr class=\"row-6\">\n\t<td class=\"column-1\"><span style=\"color:#5C5F60;\">GTWR11<\/span><\/td><td class=\"column-2\"><span style=\"color:#5C5F60;\">Tivio Capital<\/span><\/td><td class=\"column-3\"><span style=\"color:#5C5F60;\">0.66%<\/span><\/td><td class=\"column-4\"><span style=\"color:#5C5F60;\">R$0.9B<\/span><\/td><td class=\"column-5\"><span style=\"color:#5C5F60;\">12.76%<\/span><\/td><td class=\"column-6\"><span style=\"color:#5C5F60;\">  0.77<\/span><\/td><td class=\"column-7\"><\/td>\n<\/tr>\n<tr class=\"row-7\">\n\t<td class=\"column-1\"><span style=\"color:#5C5F60;\">KORE11<\/span><\/td><td class=\"column-2\"><span style=\"color:#5C5F60;\">Kinea<\/span><\/td><td class=\"column-3\"><span style=\"color:#5C5F60;\">0.55%<\/span><\/td><td class=\"column-4\"><span style=\"color:#5C5F60;\">R$0.8B<\/span><\/td><td class=\"column-5\"><span style=\"color:#5C5F60;\">18.63%<\/span><\/td><td class=\"column-6\"><span style=\"color:#5C5F60;\">  0.76<\/span><\/td><td class=\"column-7\"><\/td>\n<\/tr>\n<tr class=\"row-8\">\n\t<td class=\"column-1\"><span style=\"color:#5C5F60;\">BROF11<\/span><\/td><td class=\"column-2\"><span style=\"color:#5C5F60;\">BGR Asset<\/span><\/td><td class=\"column-3\"><span style=\"color:#5C5F60;\">0.44%<\/span><\/td><td class=\"column-4\"><span style=\"color:#5C5F60;\">R$0.6B<\/span><\/td><td class=\"column-5\"><span style=\"color:#5C5F60;\">11.78%<\/span><\/td><td class=\"column-6\"><span style=\"color:#5C5F60;\">  0.48<\/span><\/td><td class=\"column-7\"><\/td>\n<\/tr>\n<tr class=\"row-9\">\n\t<td class=\"column-1\"><span style=\"color:#5C5F60;\">RCRB11<\/span><\/td><td class=\"column-2\"><span style=\"color:#5C5F60;\">Rio Bravo<\/span><\/td><td class=\"column-3\"><span style=\"color:#5C5F60;\">0.33%<\/span><\/td><td class=\"column-4\"><span style=\"color:#5C5F60;\">R$0.5B<\/span><\/td><td class=\"column-5\"><span style=\"color:#5C5F60;\">8.81%<\/span><\/td><td class=\"column-6\"><span style=\"color:#5C5F60;\">  0.63<\/span><\/td><td class=\"column-7\"><\/td>\n<\/tr>\n<tr class=\"row-10\">\n\t<td class=\"column-1\"><span style=\"color:#5C5F60;\">VINO11<\/span><\/td><td class=\"column-2\"><span style=\"color:#5C5F60;\">Vinci Partners<\/span><\/td><td class=\"column-3\"><span style=\"color:#5C5F60;\">0.30%<\/span><\/td><td class=\"column-4\"><span style=\"color:#5C5F60;\">R$0.4B<\/span><\/td><td class=\"column-5\"><span style=\"color:#5C5F60;\">12.59%<\/span><\/td><td class=\"column-6\"><span style=\"color:#5C5F60;\">  0.49 <\/span><\/td><td class=\"column-7\"><\/td>\n<\/tr>\n<tr class=\"row-11\">\n\t<td class=\"column-1\"><span style=\"color:#5C5F60;\">TEPP11<\/span><\/td><td class=\"column-2\"><span style=\"color:#5C5F60;\">Tellus<\/span><\/td><td class=\"column-3\"><span style=\"color:#5C5F60;\">0.24%<\/span><\/td><td class=\"column-4\"><span style=\"color:#5C5F60;\">R$0.3B<\/span><\/td><td class=\"column-5\"><span style=\"color:#5C5F60;\">12.85%<\/span><\/td><td class=\"column-6\"><span style=\"color:#5C5F60;\">  0.84<\/span><\/td><td class=\"column-7\"><\/td>\n<\/tr>\n<tr class=\"row-12\">\n\t<td class=\"column-1\"><span style=\"color:#5C5F60;\">FATN11<\/span><\/td><td class=\"column-2\"><span style=\"color:#5C5F60;\">BR Capital<\/span><\/td><td class=\"column-3\"><span style=\"color:#5C5F60;\">0.23%<\/span><\/td><td class=\"column-4\"><span style=\"color:#5C5F60;\">R$0.3B<\/span><\/td><td class=\"column-5\"><span style=\"color:#5C5F60;\">11.92%<\/span><\/td><td class=\"column-6\"><span style=\"color:#5C5F60;\">  0.77<\/span><\/td><td class=\"column-7\"><\/td>\n<\/tr>\n<tr class=\"row-13\">\n\t<td class=\"column-1\"><span style=\"color:#5C5F60;\">TOPP11<\/span><\/td><td class=\"column-2\"><span style=\"color:#5C5F60;\">RBR Asset<\/span><\/td><td class=\"column-3\"><span style=\"color:#5C5F60;\">0.23%<\/span><\/td><td class=\"column-4\"><span style=\"color:#5C5F60;\">R$0.3B<\/span><\/td><td class=\"column-5\"><span style=\"color:#5C5F60;\">9.28%<\/span><\/td><td class=\"column-6\"><span style=\"color:#5C5F60;\">  0.72 <\/span><\/td><td class=\"column-7\"><\/td>\n<\/tr>\n<tr class=\"row-14\">\n\t<td class=\"column-1\"><span style=\"color:#5C5F60;\">VGRI11<\/span><\/td><td class=\"column-2\"><span style=\"color:#5C5F60;\">Valora Investimentos<\/span><\/td><td class=\"column-3\"><span style=\"color:#5C5F60;\">0.21%<\/span><\/td><td class=\"column-4\"><span style=\"color:#5C5F60;\">R$0.3B<\/span><\/td><td class=\"column-5\"><span style=\"color:#5C5F60;\">19.95%<\/span><\/td><td class=\"column-6\"><span style=\"color:#5C5F60;\">  0.80<\/span><\/td><td class=\"column-7\"><\/td>\n<\/tr>\n<tr class=\"row-15\">\n\t<td class=\"column-1\"><span style=\"color:#5C5F60;\">HGPO11<\/span><\/td><td class=\"column-2\"><span style=\"color:#5C5F60;\">Patria Investimentos<\/span><\/td><td class=\"column-3\"><span style=\"color:#5C5F60;\">0.17%<\/span><\/td><td class=\"column-4\"><span style=\"color:#5C5F60;\">R$0.2B<\/span><\/td><td class=\"column-5\"><span style=\"color:#5C5F60;\">nm<\/span><\/td><td class=\"column-6\"><span style=\"color:#5C5F60;\">  0.98<\/span><\/td><td class=\"column-7\"><\/td>\n<\/tr>\n<tr class=\"row-16\">\n\t<td class=\"column-1\"><span style=\"color:#5C5F60;\">AIEC11<\/span><\/td><td class=\"column-2\"><span style=\"color:#5C5F60;\">Arch Capital<\/span><\/td><td class=\"column-3\"><span style=\"color:#5C5F60;\">0.15%<\/span><\/td><td class=\"column-4\"><span style=\"color:#5C5F60;\">R$0.2B<\/span><\/td><td class=\"column-5\"><span style=\"color:#5C5F60;\">12.74%<\/span><\/td><td class=\"column-6\"><span style=\"color:#5C5F60;\">  0.57<\/span><\/td><td class=\"column-7\"><\/td>\n<\/tr>\n<\/tbody>\n<\/table>\n\n<\/div>\n\n\n\n<h3 class=\"wp-block-heading\"><\/h3>","protected":false},"excerpt":{"rendered":"<p>Brazil\u2019s Office FIIs (Fundos de Investimento Imobili\u00e1rio) provide exposure to corporate real estate such as commercial towers and business complexes in the country\u2019s main urban centers. These funds can deliver attractive yields, yet they also contend with higher vacancy risk, cyclical tenant demand, and shifting workplace trends. On this page you will find a sortable [&hellip;]<\/p>","protected":false},"author":1,"featured_media":0,"parent":2262,"menu_order":0,"comment_status":"closed","ping_status":"closed","template":"","meta":{"site-sidebar-layout":"default","site-content-layout":"","ast-site-content-layout":"default","site-content-style":"default","site-sidebar-style":"default","ast-global-header-display":"","ast-banner-title-visibility":"","ast-main-header-display":"","ast-hfb-above-header-display":"","ast-hfb-below-header-display":"","ast-hfb-mobile-header-display":"","site-post-title":"","ast-breadcrumbs-content":"","ast-featured-img":"","footer-sml-layout":"","ast-disable-related-posts":"","theme-transparent-header-meta":"","adv-header-id-meta":"","stick-header-meta":"","header-above-stick-meta":"","header-main-stick-meta":"","header-below-stick-meta":"","astra-migrate-meta-layouts":"set","ast-page-background-enabled":"default","ast-page-background-meta":{"desktop":{"background-color":"","background-image":"","background-repeat":"repeat","background-position":"center center","background-size":"auto","background-attachment":"scroll","background-type":"","background-media":"","overlay-type":"","overlay-color":"","overlay-opacity":"","overlay-gradient":""},"tablet":{"background-color":"","background-image":"","background-repeat":"repeat","background-position":"center center","background-size":"auto","background-attachment":"scroll","background-type":"","background-media":"","overlay-type":"","overlay-color":"","overlay-opacity":"","overlay-gradient":""},"mobile":{"background-color":"","background-image":"","background-repeat":"repeat","background-position":"center center","background-size":"auto","background-attachment":"scroll","background-type":"","background-media":"","overlay-type":"","overlay-color":"","overlay-opacity":"","overlay-gradient":""}},"ast-content-background-meta":{"desktop":{"background-color":"var(--ast-global-color-5)","background-image":"","background-repeat":"repeat","background-position":"center center","background-size":"auto","background-attachment":"scroll","background-type":"","background-media":"","overlay-type":"","overlay-color":"","overlay-opacity":"","overlay-gradient":""},"tablet":{"background-color":"var(--ast-global-color-5)","background-image":"","background-repeat":"repeat","background-position":"center center","background-size":"auto","background-attachment":"scroll","background-type":"","background-media":"","overlay-type":"","overlay-color":"","overlay-opacity":"","overlay-gradient":""},"mobile":{"background-color":"var(--ast-global-color-5)","background-image":"","background-repeat":"repeat","background-position":"center center","background-size":"auto","background-attachment":"scroll","background-type":"","background-media":"","overlay-type":"","overlay-color":"","overlay-opacity":"","overlay-gradient":""}},"footnotes":""},"class_list":["post-2339","page","type-page","status-publish","hentry"],"yoast_head":"<!-- This site is optimized with the Yoast SEO plugin v27.4 - https:\/\/yoast.com\/product\/yoast-seo-wordpress\/ -->\n<title>Brazilian Office FIIs (REITs): Overview, Yields, and Fund Profiles - Gringo Investor<\/title>\n<meta name=\"description\" content=\"Explore Brazil\u2019s top Office FIIs (REITs) with data on yields, market caps, P\/B values, and IFIX weightings. Includes fund summaries and sortable tables.\" \/>\n<meta name=\"robots\" content=\"index, follow, max-snippet:-1, max-image-preview:large, max-video-preview:-1\" \/>\n<link rel=\"canonical\" href=\"https:\/\/www.gringoinvestor.com\/pt\/fiis\/escritorios\/\" \/>\n<meta property=\"og:locale\" content=\"pt_BR\" \/>\n<meta property=\"og:type\" content=\"article\" \/>\n<meta property=\"og:title\" content=\"Brazilian Office FIIs (REITs): Overview, Yields, and Fund Profiles - Gringo Investor\" \/>\n<meta property=\"og:description\" content=\"Explore Brazil\u2019s top Office FIIs (REITs) with data on yields, market caps, P\/B values, and IFIX weightings. Includes fund summaries and sortable tables.\" \/>\n<meta property=\"og:url\" content=\"https:\/\/www.gringoinvestor.com\/pt\/fiis\/escritorios\/\" \/>\n<meta property=\"og:site_name\" content=\"Gringo Investor\" \/>\n<meta property=\"article:modified_time\" content=\"2025-07-04T14:29:14+00:00\" \/>\n<meta name=\"twitter:card\" content=\"summary_large_image\" \/>\n<meta name=\"twitter:site\" content=\"@b3gringo\" \/>\n<script type=\"application\/ld+json\" class=\"yoast-schema-graph\">{\"@context\":\"https:\\\/\\\/schema.org\",\"@graph\":[{\"@type\":\"WebPage\",\"@id\":\"https:\\\/\\\/www.gringoinvestor.com\\\/brazilian-reits\\\/offices\\\/\",\"url\":\"https:\\\/\\\/www.gringoinvestor.com\\\/brazilian-reits\\\/offices\\\/\",\"name\":\"Brazilian Office FIIs (REITs): Overview, Yields, and Fund Profiles - Gringo Investor\",\"isPartOf\":{\"@id\":\"https:\\\/\\\/www.gringoinvestor.com\\\/#website\"},\"datePublished\":\"2025-06-22T05:28:30+00:00\",\"dateModified\":\"2025-07-04T14:29:14+00:00\",\"description\":\"Explore Brazil\u2019s top Office FIIs (REITs) with data on yields, market caps, P\\\/B values, and IFIX weightings. Includes fund summaries and sortable tables.\",\"breadcrumb\":{\"@id\":\"https:\\\/\\\/www.gringoinvestor.com\\\/brazilian-reits\\\/offices\\\/#breadcrumb\"},\"inLanguage\":\"pt-BR\",\"potentialAction\":[{\"@type\":\"ReadAction\",\"target\":[\"https:\\\/\\\/www.gringoinvestor.com\\\/brazilian-reits\\\/offices\\\/\"]}]},{\"@type\":\"BreadcrumbList\",\"@id\":\"https:\\\/\\\/www.gringoinvestor.com\\\/brazilian-reits\\\/offices\\\/#breadcrumb\",\"itemListElement\":[{\"@type\":\"ListItem\",\"position\":1,\"name\":\"Home\",\"item\":\"https:\\\/\\\/www.gringoinvestor.com\\\/\"},{\"@type\":\"ListItem\",\"position\":2,\"name\":\"FIIs\",\"item\":\"https:\\\/\\\/www.gringoinvestor.com\\\/brazilian-reits\\\/\"},{\"@type\":\"ListItem\",\"position\":3,\"name\":\"Office FIIs\"}]},{\"@type\":\"WebSite\",\"@id\":\"https:\\\/\\\/www.gringoinvestor.com\\\/#website\",\"url\":\"https:\\\/\\\/www.gringoinvestor.com\\\/\",\"name\":\"Gringo Investor\",\"description\":\"Bay Street to B3\",\"publisher\":{\"@id\":\"https:\\\/\\\/www.gringoinvestor.com\\\/#\\\/schema\\\/person\\\/debd4ef6bf9a740a4e645efc4fca4cb7\"},\"potentialAction\":[{\"@type\":\"SearchAction\",\"target\":{\"@type\":\"EntryPoint\",\"urlTemplate\":\"https:\\\/\\\/www.gringoinvestor.com\\\/?s={search_term_string}\"},\"query-input\":{\"@type\":\"PropertyValueSpecification\",\"valueRequired\":true,\"valueName\":\"search_term_string\"}}],\"inLanguage\":\"pt-BR\"},{\"@type\":[\"Person\",\"Organization\"],\"@id\":\"https:\\\/\\\/www.gringoinvestor.com\\\/#\\\/schema\\\/person\\\/debd4ef6bf9a740a4e645efc4fca4cb7\",\"name\":\"Gringo Investor\",\"image\":{\"@type\":\"ImageObject\",\"inLanguage\":\"pt-BR\",\"@id\":\"https:\\\/\\\/www.gringoinvestor.com\\\/wp-content\\\/uploads\\\/2025\\\/05\\\/gringo-investor-logo-brazil-investing.png\",\"url\":\"https:\\\/\\\/www.gringoinvestor.com\\\/wp-content\\\/uploads\\\/2025\\\/05\\\/gringo-investor-logo-brazil-investing.png\",\"contentUrl\":\"https:\\\/\\\/www.gringoinvestor.com\\\/wp-content\\\/uploads\\\/2025\\\/05\\\/gringo-investor-logo-brazil-investing.png\",\"width\":1022,\"height\":386,\"caption\":\"Gringo Investor\"},\"logo\":{\"@id\":\"https:\\\/\\\/www.gringoinvestor.com\\\/wp-content\\\/uploads\\\/2025\\\/05\\\/gringo-investor-logo-brazil-investing.png\"},\"description\":\"Gringo Investor is a Canadian expat living in Brazil, offering insights on navigating the Brazilian stock market, FIIs (REITs), and alternative investments from a foreigner's perspective. With a background in finance, law, and technology, he shares practical analysis of Brazilian investment opportunities for global investors.\",\"sameAs\":[\"http:\\\/\\\/gringoinvestor.com\",\"https:\\\/\\\/x.com\\\/b3gringo\"]}]}<\/script>\n<!-- \/ Yoast SEO plugin. -->","yoast_head_json":{"title":"FIIs de Escrit\u00f3rios no Brasil: Vis\u00e3o Geral, Rendimentos e Perfis dos Fundos \u2013 Gringo Investor","description":"Explore os principais FIIs de Escrit\u00f3rios do Brasil com dados sobre rendimentos, valor de mercado, P\/VP e peso no IFIX. Inclui resumos dos fundos e tabelas interativas.","robots":{"index":"index","follow":"follow","max-snippet":"max-snippet:-1","max-image-preview":"max-image-preview:large","max-video-preview":"max-video-preview:-1"},"canonical":"https:\/\/www.gringoinvestor.com\/pt\/fiis\/escritorios\/","og_locale":"pt_BR","og_type":"article","og_title":"Brazilian Office FIIs (REITs): Overview, Yields, and Fund Profiles - Gringo Investor","og_description":"Explore Brazil\u2019s top Office FIIs (REITs) with data on yields, market caps, P\/B values, and IFIX weightings. Includes fund summaries and sortable tables.","og_url":"https:\/\/www.gringoinvestor.com\/pt\/fiis\/escritorios\/","og_site_name":"Gringo Investor","article_modified_time":"2025-07-04T14:29:14+00:00","twitter_card":"summary_large_image","twitter_site":"@b3gringo","schema":{"@context":"https:\/\/schema.org","@graph":[{"@type":"WebPage","@id":"https:\/\/www.gringoinvestor.com\/brazilian-reits\/offices\/","url":"https:\/\/www.gringoinvestor.com\/brazilian-reits\/offices\/","name":"FIIs de Escrit\u00f3rios no Brasil: Vis\u00e3o Geral, Rendimentos e Perfis dos Fundos \u2013 Gringo Investor","isPartOf":{"@id":"https:\/\/www.gringoinvestor.com\/#website"},"datePublished":"2025-06-22T05:28:30+00:00","dateModified":"2025-07-04T14:29:14+00:00","description":"Explore os principais FIIs de Escrit\u00f3rios do Brasil com dados sobre rendimentos, valor de mercado, P\/VP e peso no IFIX. Inclui resumos dos fundos e tabelas interativas.","breadcrumb":{"@id":"https:\/\/www.gringoinvestor.com\/brazilian-reits\/offices\/#breadcrumb"},"inLanguage":"pt-BR","potentialAction":[{"@type":"ReadAction","target":["https:\/\/www.gringoinvestor.com\/brazilian-reits\/offices\/"]}]},{"@type":"BreadcrumbList","@id":"https:\/\/www.gringoinvestor.com\/brazilian-reits\/offices\/#breadcrumb","itemListElement":[{"@type":"ListItem","position":1,"name":"Home","item":"https:\/\/www.gringoinvestor.com\/"},{"@type":"ListItem","position":2,"name":"FIIs","item":"https:\/\/www.gringoinvestor.com\/brazilian-reits\/"},{"@type":"ListItem","position":3,"name":"Office FIIs"}]},{"@type":"WebSite","@id":"https:\/\/www.gringoinvestor.com\/#website","url":"https:\/\/www.gringoinvestor.com\/","name":"Gringo Investor","description":"Da Bay Street para a B3","publisher":{"@id":"https:\/\/www.gringoinvestor.com\/#\/schema\/person\/debd4ef6bf9a740a4e645efc4fca4cb7"},"potentialAction":[{"@type":"SearchAction","target":{"@type":"EntryPoint","urlTemplate":"https:\/\/www.gringoinvestor.com\/?s={search_term_string}"},"query-input":{"@type":"PropertyValueSpecification","valueRequired":true,"valueName":"search_term_string"}}],"inLanguage":"pt-BR"},{"@type":["Person","Organization"],"@id":"https:\/\/www.gringoinvestor.com\/#\/schema\/person\/debd4ef6bf9a740a4e645efc4fca4cb7","name":"Gringo Investor","image":{"@type":"ImageObject","inLanguage":"pt-BR","@id":"https:\/\/www.gringoinvestor.com\/wp-content\/uploads\/2025\/05\/gringo-investor-logo-brazil-investing.png","url":"https:\/\/www.gringoinvestor.com\/wp-content\/uploads\/2025\/05\/gringo-investor-logo-brazil-investing.png","contentUrl":"https:\/\/www.gringoinvestor.com\/wp-content\/uploads\/2025\/05\/gringo-investor-logo-brazil-investing.png","width":1022,"height":386,"caption":"Gringo Investor"},"logo":{"@id":"https:\/\/www.gringoinvestor.com\/wp-content\/uploads\/2025\/05\/gringo-investor-logo-brazil-investing.png"},"description":"Gringo Investor \u00e9 um expatriado canadense vivendo no Brasil, oferecendo insights sobre como navegar pelo mercado de a\u00e7\u00f5es brasileiro, FIIs e investimentos alternativos sob a perspectiva de um estrangeiro. Com forma\u00e7\u00e3o em finan\u00e7as, direito e tecnologia, compartilha an\u00e1lises pr\u00e1ticas sobre oportunidades de investimento no Brasil para investidores globais.","sameAs":["http:\/\/gringoinvestor.com","https:\/\/x.com\/b3gringo"]}]}},"_links":{"self":[{"href":"https:\/\/www.gringoinvestor.com\/pt\/wp-json\/wp\/v2\/pages\/2339","targetHints":{"allow":["GET"]}}],"collection":[{"href":"https:\/\/www.gringoinvestor.com\/pt\/wp-json\/wp\/v2\/pages"}],"about":[{"href":"https:\/\/www.gringoinvestor.com\/pt\/wp-json\/wp\/v2\/types\/page"}],"author":[{"embeddable":true,"href":"https:\/\/www.gringoinvestor.com\/pt\/wp-json\/wp\/v2\/users\/1"}],"replies":[{"embeddable":true,"href":"https:\/\/www.gringoinvestor.com\/pt\/wp-json\/wp\/v2\/comments?post=2339"}],"version-history":[{"count":7,"href":"https:\/\/www.gringoinvestor.com\/pt\/wp-json\/wp\/v2\/pages\/2339\/revisions"}],"predecessor-version":[{"id":3328,"href":"https:\/\/www.gringoinvestor.com\/pt\/wp-json\/wp\/v2\/pages\/2339\/revisions\/3328"}],"up":[{"embeddable":true,"href":"https:\/\/www.gringoinvestor.com\/pt\/wp-json\/wp\/v2\/pages\/2262"}],"wp:attachment":[{"href":"https:\/\/www.gringoinvestor.com\/pt\/wp-json\/wp\/v2\/media?parent=2339"}],"curies":[{"name":"wp","href":"https:\/\/api.w.org\/{rel}","templated":true}]}}