{"id":3012,"date":"2025-06-28T13:38:11","date_gmt":"2025-06-28T16:38:11","guid":{"rendered":"https:\/\/www.gringoinvestor.com\/?page_id=3012"},"modified":"2025-07-03T20:20:38","modified_gmt":"2025-07-03T23:20:38","slug":"kinea-investimentos","status":"publish","type":"page","link":"https:\/\/www.gringoinvestor.com\/pt\/fiis\/gestoras\/kinea-investimentos\/","title":{"rendered":"Kinea Investimentos"},"content":{"rendered":"<p>A Kinea Investimentos \u00e9 uma das gestoras de fundos imobili\u00e1rios mais respeitadas do Brasil, formada h\u00e1 17 anos como uma joint venture com o Ita\u00fa Unibanco, o maior banco da Am\u00e9rica Latina.<\/p>\n\n\n\n<p>A Kinea administra dois dos maiores e mais l\u00edquidos FIIs de CRI do mercado: KNCR11 e KNIP11. Ambos os fundos s\u00e3o focados em instrumentos de cr\u00e9dito imobili\u00e1rio de alta qualidade, com \u00eanfase na preserva\u00e7\u00e3o de capital e na distribui\u00e7\u00e3o consistente de rendimentos. Embora a maior parte dos fundos da Kinea seja voltada para cr\u00e9dito, a gestora tamb\u00e9m administra o KNRI11, um fundo h\u00edbrido e sua principal estrat\u00e9gia com exposi\u00e7\u00e3o direta a im\u00f3veis f\u00edsicos. <\/p>\n\n\n\n<p>Muitos FIIs geridos pela Kinea possuem participa\u00e7\u00f5es relevantes no&nbsp;<a href=\"https:\/\/www.gringoinvestor.com\/pt\/fiis\/indice-ifix\/\">\u00edndice IFIX<\/a>. Embora a gestora tenha foco principal em CRIs, tamb\u00e9m administra dois fundos de tijolo inclu\u00eddos no&nbsp;<a href=\"https:\/\/www.gringoinvestor.com\/pt\/fiis\/etf-hert11\/\">ETF HERT11<\/a>.<\/p>\n\n\n\n<p>A gestora tamb\u00e9m administra outros fundos, incluindo cr\u00e9dito p\u00fablico e privado, al\u00e9m de renda vari\u00e1vel.<\/p>\n\n\n\n<p>Em 2025, a Kinea possui R$129 bilh\u00f5es sob gest\u00e3o e conta com mais de 200 profissionais de investimentos.<\/p>\n\n\n\n<p>Voc\u00ea pode visitar o site da Kinea Investimentos <a href=\"https:\/\/www.kinea.com.br\/somos\/\" target=\"_blank\" rel=\"noreferrer noopener\">aqui<\/a>.<\/p>\n\n\n\n<p><em>Atualizado em 28 de junho de 2025.<\/em><\/p>\n\n\n\n<h2 class=\"wp-block-heading\">\ud83d\udd0d Principais FIIs Geridos pela Kinea<\/h2>\n\n\n\n<figure class=\"wp-block-table\"><table class=\"has-fixed-layout\"><thead><tr><th class=\"has-text-align-left\" data-align=\"left\">Ticker<\/th><th class=\"has-text-align-left\" data-align=\"left\">Nome do Fundo<\/th><th class=\"has-text-align-left\" data-align=\"left\">Segmento<\/th><th class=\"has-text-align-left\" data-align=\"left\">Capitaliza\u00e7\u00e3o de Mercado<\/th><\/tr><\/thead><tbody><tr><td class=\"has-text-align-left\" data-align=\"left\"><a href=\"https:\/\/www.gringoinvestor.com\/pt\/fiis\/cri\/kncr11\/\">KNCR11<\/a><\/td><td class=\"has-text-align-left\" data-align=\"left\">Kinea Rendimentos<\/td><td class=\"has-text-align-left\" data-align=\"left\">CRI<\/td><td class=\"has-text-align-left\" data-align=\"left\">R$8.0B<\/td><\/tr><tr><td class=\"has-text-align-left\" data-align=\"left\"><a href=\"https:\/\/www.gringoinvestor.com\/pt\/fiis\/cri\/knip11\/\">KNIP11<\/a><\/td><td class=\"has-text-align-left\" data-align=\"left\">Kinea Indices de Precos<\/td><td class=\"has-text-align-left\" data-align=\"left\">CRI<\/td><td class=\"has-text-align-left\" data-align=\"left\">R$7.3B<\/td><\/tr><tr><td class=\"has-text-align-left\" data-align=\"left\"><a href=\"https:\/\/www.gringoinvestor.com\/pt\/fiis\/escritorios\/knri11\/\">KNRI11<\/a><\/td><td class=\"has-text-align-left\" data-align=\"left\">Kinea Renda Imobiliaria<\/td><td class=\"has-text-align-left\" data-align=\"left\">Hybrid (Offices + Logistics)<\/td><td class=\"has-text-align-left\" data-align=\"left\">R$4.1B<\/td><\/tr><tr><td class=\"has-text-align-left\" data-align=\"left\">KNHY11<\/td><td class=\"has-text-align-left\" data-align=\"left\">Kinea High Yield CRI<\/td><td class=\"has-text-align-left\" data-align=\"left\">CRI<\/td><td class=\"has-text-align-left\" data-align=\"left\">R$2.9B<\/td><\/tr><tr><td class=\"has-text-align-left\" data-align=\"left\">KNSC11<\/td><td class=\"has-text-align-left\" data-align=\"left\">Kinea Securities<\/td><td class=\"has-text-align-left\" data-align=\"left\">CRI<\/td><td class=\"has-text-align-left\" data-align=\"left\">R$1.8B<\/td><\/tr><tr><td class=\"has-text-align-left\" data-align=\"left\">KNHF11<\/td><td class=\"has-text-align-left\" data-align=\"left\">Kinea Hedge Fund<\/td><td class=\"has-text-align-left\" data-align=\"left\">Multiestrat\u00e9gia<\/td><td class=\"has-text-align-left\" data-align=\"left\">R$1.7B<\/td><\/tr><tr><td class=\"has-text-align-left\" data-align=\"left\">KNUQ11<\/td><td class=\"has-text-align-left\" data-align=\"left\">Kinea Unique HY CDI<\/td><td class=\"has-text-align-left\" data-align=\"left\">CRI<\/td><td class=\"has-text-align-left\" data-align=\"left\">R$1.6B<\/td><\/tr><tr><td class=\"has-text-align-left\" data-align=\"left\">KORE11<\/td><td class=\"has-text-align-left\" data-align=\"left\">Kinea Oportunidades<\/td><td class=\"has-text-align-left\" data-align=\"left\">Escrit\u00f3rios<\/td><td class=\"has-text-align-left\" data-align=\"left\">R$0.8B<\/td><\/tr><tr><td class=\"has-text-align-left\" data-align=\"left\">KFOF11<\/td><td class=\"has-text-align-left\" data-align=\"left\">Fundo de FI Imobiliario<\/td><td class=\"has-text-align-left\" data-align=\"left\">Fundos de Fundos<\/td><td class=\"has-text-align-left\" data-align=\"left\">R$0.6B<\/td><\/tr><tr><td class=\"has-text-align-left\" data-align=\"left\">KCRE11<\/td><td class=\"has-text-align-left\" data-align=\"left\">Kinea Creditas<\/td><td class=\"has-text-align-left\" data-align=\"left\">CRI<\/td><td class=\"has-text-align-left\" data-align=\"left\">R$0.3B<\/td><\/tr><\/tbody><\/table><\/figure>\n\n\n\n<p><em>Observa\u00e7\u00e3o: A Kinea pode gerir outros FIIs que n\u00e3o est\u00e3o inclu\u00eddos nesta lista. Aqui s\u00e3o exibidos apenas os fundos listados com maior relev\u00e2ncia em termos de patrim\u00f4nio sob gest\u00e3o ou liquidez.<\/em><\/p>\n\n\n\n<h2 class=\"wp-block-heading\">\ud83d\udcca Estrat\u00e9gia de Investimento Imobili\u00e1rio<\/h2>\n\n\n\n<p>A Kinea Investimentos n\u00e3o segue uma estrat\u00e9gia \u00fanica e unificada para FIIs. Em vez disso, administra uma ampla gama de fundos voltados para diferentes segmentos de mercado, com \u00eanfase principal em estrat\u00e9gias orientadas para cr\u00e9dito.<\/p>\n\n\n\n<p>Fora do segmento de cr\u00e9dito, a Kinea administra fundos como o KNRI11 (escrit\u00f3rios e log\u00edstica) e o KORE11 (escrit\u00f3rios), que s\u00e3o focados em ativos geradores de renda com contratos de longo prazo atrelados \u00e0 infla\u00e7\u00e3o. A gestora tamb\u00e9m oferece fundos com mandatos mais amplos, como estrat\u00e9gias multiestrat\u00e9gia e fundos de fundos.<\/p>\n\n\n\n<p>Devido ao porte e \u00e0 quantidade de seus fundos de CRI, a Kinea domina o segmento de CRIs e det\u00e9m a maior participa\u00e7\u00e3o agregada entre as gestoras de FIIs no \u00edndice IFIX.<\/p>\n\n\n\n<h3 class=\"wp-block-heading\">\ud83d\udcd8 Saiba Mais<\/h3>\n\n\n\n<ul class=\"wp-block-list\">\n<li><a href=\"https:\/\/www.gringoinvestor.com\/pt\/fiis\/\">Guia para Investidores Internacionais<\/a><\/li>\n\n\n\n<li><a href=\"https:\/\/www.gringoinvestor.com\/pt\/como-escolher-fiis\/\">Como Eu Escolho FIIs<\/a><\/li>\n<\/ul>\n\n\n\n<p><\/p>\n\n\n\n<h3 class=\"wp-block-heading\">\ud83d\udd17 P\u00e1ginas Relacionadas<\/h3>\n\n\n\n<ul class=\"wp-block-list\">\n<li><a href=\"https:\/\/www.gringoinvestor.com\/pt\/fiis\/shoppings\/\">Vis\u00e3o Geral dos FIIs de Shoppings<\/a><\/li>\n\n\n\n<li><a href=\"https:\/\/www.gringoinvestor.com\/pt\/fiis\/logistica\/\">Vis\u00e3o Geral dos FIIs de Log\u00edstica<\/a><\/li>\n\n\n\n<li><a href=\"https:\/\/www.gringoinvestor.com\/pt\/fiis\/escritorios\/\">Vis\u00e3o Geral dos FIIs de Escrit\u00f3rios<\/a><\/li>\n\n\n\n<li><a href=\"https:\/\/www.gringoinvestor.com\/pt\/fiis\/urbano\/\">Vis\u00e3o Geral dos FIIs de Im\u00f3veis Urbanos<\/a><\/li>\n\n\n\n<li><a href=\"https:\/\/www.gringoinvestor.com\/pt\/fiis\/cri\/\">Vis\u00e3o Geral dos FIIs de CRI<\/a><\/li>\n<\/ul>\n\n\n\n<p><\/p>","protected":false},"excerpt":{"rendered":"<p>Kinea Investimentos is one of Brazil\u2019s most respected real estate fund managers, formed 17 years ago as a joint venture with Ita\u00fa Unibanco, Latin America\u2019s largest bank. Kinea manages two of the largest and most liquid CRI-based FIIs in the market: KNCR11 and KNIP11. Both funds focus on high-quality, real estate-backed credit instruments, with an [&hellip;]<\/p>","protected":false},"author":1,"featured_media":0,"parent":2924,"menu_order":0,"comment_status":"closed","ping_status":"closed","template":"","meta":{"site-sidebar-layout":"default","site-content-layout":"","ast-site-content-layout":"default","site-content-style":"default","site-sidebar-style":"default","ast-global-header-display":"","ast-banner-title-visibility":"","ast-main-header-display":"","ast-hfb-above-header-display":"","ast-hfb-below-header-display":"","ast-hfb-mobile-header-display":"","site-post-title":"","ast-breadcrumbs-content":"","ast-featured-img":"","footer-sml-layout":"","ast-disable-related-posts":"","theme-transparent-header-meta":"","adv-header-id-meta":"","stick-header-meta":"","header-above-stick-meta":"","header-main-stick-meta":"","header-below-stick-meta":"","astra-migrate-meta-layouts":"set","ast-page-background-enabled":"default","ast-page-background-meta":{"desktop":{"background-color":"","background-image":"","background-repeat":"repeat","background-position":"center center","background-size":"auto","background-attachment":"scroll","background-type":"","background-media":"","overlay-type":"","overlay-color":"","overlay-opacity":"","overlay-gradient":""},"tablet":{"background-color":"","background-image":"","background-repeat":"repeat","background-position":"center center","background-size":"auto","background-attachment":"scroll","background-type":"","background-media":"","overlay-type":"","overlay-color":"","overlay-opacity":"","overlay-gradient":""},"mobile":{"background-color":"","background-image":"","background-repeat":"repeat","background-position":"center center","background-size":"auto","background-attachment":"scroll","background-type":"","background-media":"","overlay-type":"","overlay-color":"","overlay-opacity":"","overlay-gradient":""}},"ast-content-background-meta":{"desktop":{"background-color":"var(--ast-global-color-5)","background-image":"","background-repeat":"repeat","background-position":"center center","background-size":"auto","background-attachment":"scroll","background-type":"","background-media":"","overlay-type":"","overlay-color":"","overlay-opacity":"","overlay-gradient":""},"tablet":{"background-color":"var(--ast-global-color-5)","background-image":"","background-repeat":"repeat","background-position":"center center","background-size":"auto","background-attachment":"scroll","background-type":"","background-media":"","overlay-type":"","overlay-color":"","overlay-opacity":"","overlay-gradient":""},"mobile":{"background-color":"var(--ast-global-color-5)","background-image":"","background-repeat":"repeat","background-position":"center center","background-size":"auto","background-attachment":"scroll","background-type":"","background-media":"","overlay-type":"","overlay-color":"","overlay-opacity":"","overlay-gradient":""}},"footnotes":""},"class_list":["post-3012","page","type-page","status-publish","hentry"],"yoast_head":"<!-- This site is optimized with the Yoast SEO plugin v27.4 - https:\/\/yoast.com\/product\/yoast-seo-wordpress\/ -->\n<title>Kinea Investimentos - Gringo Investor<\/title>\n<meta name=\"description\" content=\"Explore Kinea Investimentos role in Brazil\u2019s REIT market. Learn about its major FIIs, investment focus, and fund management approach.\" \/>\n<meta name=\"robots\" content=\"index, follow, max-snippet:-1, max-image-preview:large, max-video-preview:-1\" \/>\n<link rel=\"canonical\" href=\"https:\/\/www.gringoinvestor.com\/pt\/fiis\/gestoras\/kinea-investimentos\/\" \/>\n<meta property=\"og:locale\" content=\"pt_BR\" \/>\n<meta property=\"og:type\" content=\"article\" \/>\n<meta property=\"og:title\" content=\"Kinea Investimentos - Gringo Investor\" \/>\n<meta property=\"og:description\" content=\"Explore Kinea Investimentos role in Brazil\u2019s REIT market. Learn about its major FIIs, investment focus, and fund management approach.\" \/>\n<meta property=\"og:url\" content=\"https:\/\/www.gringoinvestor.com\/pt\/fiis\/gestoras\/kinea-investimentos\/\" \/>\n<meta property=\"og:site_name\" content=\"Gringo Investor\" \/>\n<meta property=\"article:modified_time\" content=\"2025-07-03T23:20:38+00:00\" \/>\n<meta name=\"twitter:card\" content=\"summary_large_image\" \/>\n<meta name=\"twitter:site\" content=\"@b3gringo\" \/>\n<script type=\"application\/ld+json\" class=\"yoast-schema-graph\">{\"@context\":\"https:\\\/\\\/schema.org\",\"@graph\":[{\"@type\":\"WebPage\",\"@id\":\"https:\\\/\\\/www.gringoinvestor.com\\\/brazilian-reits\\\/managers\\\/kinea-investimentos\\\/\",\"url\":\"https:\\\/\\\/www.gringoinvestor.com\\\/brazilian-reits\\\/managers\\\/kinea-investimentos\\\/\",\"name\":\"Kinea Investimentos - Gringo Investor\",\"isPartOf\":{\"@id\":\"https:\\\/\\\/www.gringoinvestor.com\\\/#website\"},\"datePublished\":\"2025-06-28T16:38:11+00:00\",\"dateModified\":\"2025-07-03T23:20:38+00:00\",\"description\":\"Explore Kinea Investimentos role in Brazil\u2019s REIT market. Learn about its major FIIs, investment focus, and fund management approach.\",\"breadcrumb\":{\"@id\":\"https:\\\/\\\/www.gringoinvestor.com\\\/brazilian-reits\\\/managers\\\/kinea-investimentos\\\/#breadcrumb\"},\"inLanguage\":\"pt-BR\",\"potentialAction\":[{\"@type\":\"ReadAction\",\"target\":[\"https:\\\/\\\/www.gringoinvestor.com\\\/brazilian-reits\\\/managers\\\/kinea-investimentos\\\/\"]}]},{\"@type\":\"BreadcrumbList\",\"@id\":\"https:\\\/\\\/www.gringoinvestor.com\\\/brazilian-reits\\\/managers\\\/kinea-investimentos\\\/#breadcrumb\",\"itemListElement\":[{\"@type\":\"ListItem\",\"position\":1,\"name\":\"Home\",\"item\":\"https:\\\/\\\/www.gringoinvestor.com\\\/\"},{\"@type\":\"ListItem\",\"position\":2,\"name\":\"FIIs\",\"item\":\"https:\\\/\\\/www.gringoinvestor.com\\\/brazilian-reits\\\/\"},{\"@type\":\"ListItem\",\"position\":3,\"name\":\"Managers\",\"item\":\"https:\\\/\\\/www.gringoinvestor.com\\\/brazilian-reits\\\/managers\\\/\"},{\"@type\":\"ListItem\",\"position\":4,\"name\":\"Kinea Investimentos\"}]},{\"@type\":\"WebSite\",\"@id\":\"https:\\\/\\\/www.gringoinvestor.com\\\/#website\",\"url\":\"https:\\\/\\\/www.gringoinvestor.com\\\/\",\"name\":\"Gringo Investor\",\"description\":\"Bay Street to B3\",\"publisher\":{\"@id\":\"https:\\\/\\\/www.gringoinvestor.com\\\/#\\\/schema\\\/person\\\/debd4ef6bf9a740a4e645efc4fca4cb7\"},\"potentialAction\":[{\"@type\":\"SearchAction\",\"target\":{\"@type\":\"EntryPoint\",\"urlTemplate\":\"https:\\\/\\\/www.gringoinvestor.com\\\/?s={search_term_string}\"},\"query-input\":{\"@type\":\"PropertyValueSpecification\",\"valueRequired\":true,\"valueName\":\"search_term_string\"}}],\"inLanguage\":\"pt-BR\"},{\"@type\":[\"Person\",\"Organization\"],\"@id\":\"https:\\\/\\\/www.gringoinvestor.com\\\/#\\\/schema\\\/person\\\/debd4ef6bf9a740a4e645efc4fca4cb7\",\"name\":\"Gringo Investor\",\"image\":{\"@type\":\"ImageObject\",\"inLanguage\":\"pt-BR\",\"@id\":\"https:\\\/\\\/www.gringoinvestor.com\\\/wp-content\\\/uploads\\\/2025\\\/05\\\/gringo-investor-logo-brazil-investing.png\",\"url\":\"https:\\\/\\\/www.gringoinvestor.com\\\/wp-content\\\/uploads\\\/2025\\\/05\\\/gringo-investor-logo-brazil-investing.png\",\"contentUrl\":\"https:\\\/\\\/www.gringoinvestor.com\\\/wp-content\\\/uploads\\\/2025\\\/05\\\/gringo-investor-logo-brazil-investing.png\",\"width\":1022,\"height\":386,\"caption\":\"Gringo Investor\"},\"logo\":{\"@id\":\"https:\\\/\\\/www.gringoinvestor.com\\\/wp-content\\\/uploads\\\/2025\\\/05\\\/gringo-investor-logo-brazil-investing.png\"},\"description\":\"Gringo Investor is a Canadian expat living in Brazil, offering insights on navigating the Brazilian stock market, FIIs (REITs), and alternative investments from a foreigner's perspective. With a background in finance, law, and technology, he shares practical analysis of Brazilian investment opportunities for global investors.\",\"sameAs\":[\"http:\\\/\\\/gringoinvestor.com\",\"https:\\\/\\\/x.com\\\/b3gringo\"]}]}<\/script>\n<!-- \/ Yoast SEO plugin. -->","yoast_head_json":{"title":"Kinea Investimentos - Gringo Investor","description":"Explore o papel da Kinea Investimentos no mercado de FIIs no Brasil. Conhe\u00e7a seus principais fundos, foco de investimento e abordagem de gest\u00e3o.","robots":{"index":"index","follow":"follow","max-snippet":"max-snippet:-1","max-image-preview":"max-image-preview:large","max-video-preview":"max-video-preview:-1"},"canonical":"https:\/\/www.gringoinvestor.com\/pt\/fiis\/gestoras\/kinea-investimentos\/","og_locale":"pt_BR","og_type":"article","og_title":"Kinea Investimentos - Gringo Investor","og_description":"Explore Kinea Investimentos role in Brazil\u2019s REIT market. Learn about its major FIIs, investment focus, and fund management approach.","og_url":"https:\/\/www.gringoinvestor.com\/pt\/fiis\/gestoras\/kinea-investimentos\/","og_site_name":"Gringo Investor","article_modified_time":"2025-07-03T23:20:38+00:00","twitter_card":"summary_large_image","twitter_site":"@b3gringo","schema":{"@context":"https:\/\/schema.org","@graph":[{"@type":"WebPage","@id":"https:\/\/www.gringoinvestor.com\/brazilian-reits\/managers\/kinea-investimentos\/","url":"https:\/\/www.gringoinvestor.com\/brazilian-reits\/managers\/kinea-investimentos\/","name":"Kinea Investimentos - Gringo Investor","isPartOf":{"@id":"https:\/\/www.gringoinvestor.com\/#website"},"datePublished":"2025-06-28T16:38:11+00:00","dateModified":"2025-07-03T23:20:38+00:00","description":"Explore o papel da Kinea Investimentos no mercado de FIIs no Brasil. Conhe\u00e7a seus principais fundos, foco de investimento e abordagem de gest\u00e3o.","breadcrumb":{"@id":"https:\/\/www.gringoinvestor.com\/brazilian-reits\/managers\/kinea-investimentos\/#breadcrumb"},"inLanguage":"pt-BR","potentialAction":[{"@type":"ReadAction","target":["https:\/\/www.gringoinvestor.com\/brazilian-reits\/managers\/kinea-investimentos\/"]}]},{"@type":"BreadcrumbList","@id":"https:\/\/www.gringoinvestor.com\/brazilian-reits\/managers\/kinea-investimentos\/#breadcrumb","itemListElement":[{"@type":"ListItem","position":1,"name":"Home","item":"https:\/\/www.gringoinvestor.com\/"},{"@type":"ListItem","position":2,"name":"FIIs","item":"https:\/\/www.gringoinvestor.com\/brazilian-reits\/"},{"@type":"ListItem","position":3,"name":"Managers","item":"https:\/\/www.gringoinvestor.com\/brazilian-reits\/managers\/"},{"@type":"ListItem","position":4,"name":"Kinea Investimentos"}]},{"@type":"WebSite","@id":"https:\/\/www.gringoinvestor.com\/#website","url":"https:\/\/www.gringoinvestor.com\/","name":"Gringo Investor","description":"Da Bay Street para a B3","publisher":{"@id":"https:\/\/www.gringoinvestor.com\/#\/schema\/person\/debd4ef6bf9a740a4e645efc4fca4cb7"},"potentialAction":[{"@type":"SearchAction","target":{"@type":"EntryPoint","urlTemplate":"https:\/\/www.gringoinvestor.com\/?s={search_term_string}"},"query-input":{"@type":"PropertyValueSpecification","valueRequired":true,"valueName":"search_term_string"}}],"inLanguage":"pt-BR"},{"@type":["Person","Organization"],"@id":"https:\/\/www.gringoinvestor.com\/#\/schema\/person\/debd4ef6bf9a740a4e645efc4fca4cb7","name":"Gringo Investor","image":{"@type":"ImageObject","inLanguage":"pt-BR","@id":"https:\/\/www.gringoinvestor.com\/wp-content\/uploads\/2025\/05\/gringo-investor-logo-brazil-investing.png","url":"https:\/\/www.gringoinvestor.com\/wp-content\/uploads\/2025\/05\/gringo-investor-logo-brazil-investing.png","contentUrl":"https:\/\/www.gringoinvestor.com\/wp-content\/uploads\/2025\/05\/gringo-investor-logo-brazil-investing.png","width":1022,"height":386,"caption":"Gringo Investor"},"logo":{"@id":"https:\/\/www.gringoinvestor.com\/wp-content\/uploads\/2025\/05\/gringo-investor-logo-brazil-investing.png"},"description":"Gringo Investor \u00e9 um expatriado canadense vivendo no Brasil, oferecendo insights sobre como navegar pelo mercado de a\u00e7\u00f5es brasileiro, FIIs e investimentos alternativos sob a perspectiva de um estrangeiro. Com forma\u00e7\u00e3o em finan\u00e7as, direito e tecnologia, compartilha an\u00e1lises pr\u00e1ticas sobre oportunidades de investimento no Brasil para investidores globais.","sameAs":["http:\/\/gringoinvestor.com","https:\/\/x.com\/b3gringo"]}]}},"_links":{"self":[{"href":"https:\/\/www.gringoinvestor.com\/pt\/wp-json\/wp\/v2\/pages\/3012","targetHints":{"allow":["GET"]}}],"collection":[{"href":"https:\/\/www.gringoinvestor.com\/pt\/wp-json\/wp\/v2\/pages"}],"about":[{"href":"https:\/\/www.gringoinvestor.com\/pt\/wp-json\/wp\/v2\/types\/page"}],"author":[{"embeddable":true,"href":"https:\/\/www.gringoinvestor.com\/pt\/wp-json\/wp\/v2\/users\/1"}],"replies":[{"embeddable":true,"href":"https:\/\/www.gringoinvestor.com\/pt\/wp-json\/wp\/v2\/comments?post=3012"}],"version-history":[{"count":15,"href":"https:\/\/www.gringoinvestor.com\/pt\/wp-json\/wp\/v2\/pages\/3012\/revisions"}],"predecessor-version":[{"id":3303,"href":"https:\/\/www.gringoinvestor.com\/pt\/wp-json\/wp\/v2\/pages\/3012\/revisions\/3303"}],"up":[{"embeddable":true,"href":"https:\/\/www.gringoinvestor.com\/pt\/wp-json\/wp\/v2\/pages\/2924"}],"wp:attachment":[{"href":"https:\/\/www.gringoinvestor.com\/pt\/wp-json\/wp\/v2\/media?parent=3012"}],"curies":[{"name":"wp","href":"https:\/\/api.w.org\/{rel}","templated":true}]}}