{"id":3053,"date":"2025-06-28T16:18:28","date_gmt":"2025-06-28T19:18:28","guid":{"rendered":"https:\/\/www.gringoinvestor.com\/?page_id=3053"},"modified":"2025-07-04T16:31:16","modified_gmt":"2025-07-04T19:31:16","slug":"vinci-partners","status":"publish","type":"page","link":"https:\/\/www.gringoinvestor.com\/pt\/fiis\/gestoras\/vinci-partners\/","title":{"rendered":"Vinci Partners"},"content":{"rendered":"<p>A Vinci Partners \u00e9 uma das principais gestoras de investimentos do Brasil com alcance global. Por meio da sua plataforma Vinci Compass, a empresa desempenha um papel fundamental em investimentos alternativos e solu\u00e7\u00f5es globais na Am\u00e9rica Latina. A Vinci possui 13 escrit\u00f3rios nas Am\u00e9ricas, incluindo Brasil e Estados Unidos, e administra mais de US$53 bilh\u00f5es em ativos.<\/p>\n\n\n\n<p>Suas opera\u00e7\u00f5es abrangem uma ampla variedade de classes de ativos, incluindo private equity, cr\u00e9dito, im\u00f3veis, infraestrutura, ativos florestais e renda vari\u00e1vel p\u00fablica. A empresa tamb\u00e9m oferece produtos de investimento globais e servi\u00e7os de consultoria corporativa, com cada \u00e1rea gerida por equipes de investimento especializadas.<\/p>\n\n\n\n<p>Listada na Nasdaq sob o ticker VINP, a Vinci possui uma capitaliza\u00e7\u00e3o de mercado de aproximadamente US$600 milh\u00f5es e tem a ambi\u00e7\u00e3o declarada de atender investidores locais e internacionais.<\/p>\n\n\n\n<p>No segmento de FIIs, a Vinci Partners administra fundos em diversos setores, sendo que dois deles est\u00e3o inclu\u00eddos tanto no <a href=\"https:\/\/www.gringoinvestor.com\/pt\/fiis\/indice-ifix\/\">\u00edndice IFIX<\/a> e <a href=\"https:\/\/www.gringoinvestor.com\/pt\/fiis\/etf-hert11\/\">ETF HERT11<\/a>.<\/p>\n\n\n\n<p>Seu principal fundo \u00e9 o VISC11, o segundo maior FII de shoppings do Brasil em capitaliza\u00e7\u00e3o de mercado. A Vinci tamb\u00e9m administra um fundo de log\u00edstica relevante (VILG11) e um fundo menor focado em escrit\u00f3rios e im\u00f3veis urbanos.<\/p>\n\n\n\n<p>Voc\u00ea pode visitar o site da Vinci Partners <a href=\"https:\/\/www.vincipartners.com\/\" target=\"_blank\" rel=\"noreferrer noopener\">aqui<\/a>.<\/p>\n\n\n\n<p><em>Atualizado em 28 de junho de 2025.<\/em><\/p>\n\n\n\n<h2 class=\"wp-block-heading\">\ud83d\udd0d Principais FIIs Geridos pela Vinci<\/h2>\n\n\n\n<figure class=\"wp-block-table\"><table class=\"has-fixed-layout\"><thead><tr><th class=\"has-text-align-left\" data-align=\"left\">Ticker<\/th><th class=\"has-text-align-left\" data-align=\"left\">Nome do Fundo<\/th><th class=\"has-text-align-left\" data-align=\"left\">Segmento<\/th><th class=\"has-text-align-left\" data-align=\"left\">Capitaliza\u00e7\u00e3o de Mercado<\/th><\/tr><\/thead><tbody><tr><td class=\"has-text-align-left\" data-align=\"left\"><a href=\"https:\/\/www.gringoinvestor.com\/pt\/fiis\/shoppings\/visc11\/\">VISC11<\/a><\/td><td class=\"has-text-align-left\" data-align=\"left\">Vinci Shopping Centers<\/td><td class=\"has-text-align-left\" data-align=\"left\">Shoppings<\/td><td class=\"has-text-align-left\" data-align=\"left\">R$3.0B<\/td><\/tr><tr><td class=\"has-text-align-left\" data-align=\"left\">VILG11<\/td><td class=\"has-text-align-left\" data-align=\"left\">Vinci Logistica<\/td><td class=\"has-text-align-left\" data-align=\"left\">FIIs Log\u00edsticos<\/td><td class=\"has-text-align-left\" data-align=\"left\">R$1.3B<\/td><\/tr><tr><td class=\"has-text-align-left\" data-align=\"left\">VINO11<\/td><td class=\"has-text-align-left\" data-align=\"left\">Vinci Offices<\/td><td class=\"has-text-align-left\" data-align=\"left\">Escrit\u00f3rios<\/td><td class=\"has-text-align-left\" data-align=\"left\">R$0.4B<\/td><\/tr><tr><td class=\"has-text-align-left\" data-align=\"left\">VIUR11<\/td><td class=\"has-text-align-left\" data-align=\"left\">Vinci Imoveis Urbanos<\/td><td class=\"has-text-align-left\" data-align=\"left\">Urbanos<\/td><td class=\"has-text-align-left\" data-align=\"left\">R$0.2B<\/td><\/tr><\/tbody><\/table><\/figure>\n\n\n\n<p><em>Observa\u00e7\u00e3o: A Vinci pode gerir outros FIIs que n\u00e3o est\u00e3o inclu\u00eddos nesta lista. Aqui s\u00e3o exibidos apenas os fundos listados com maior relev\u00e2ncia em termos de patrim\u00f4nio sob gest\u00e3o ou liquidez.<\/em><\/p>\n\n\n\n<h2 class=\"wp-block-heading\">\ud83d\udcca Estrat\u00e9gia de Investimento Imobili\u00e1rio<\/h2>\n\n\n\n<p>Ao contr\u00e1rio de algumas gestoras com foco maior em CRIs, a Vinci concentra-se em ativos f\u00edsicos (tijolo).<\/p>\n\n\n\n<p>A gestora busca valor de longo prazo em suas estrat\u00e9gias imobili\u00e1rias, que incluem shoppings, galp\u00f5es log\u00edsticos e im\u00f3veis comerciais. Seus fundos priorizam fluxo de caixa est\u00e1vel, contratos de loca\u00e7\u00e3o de longo prazo e localiza\u00e7\u00f5es urbanas privilegiadas.<\/p>\n\n\n\n<p>Sua abordagem enfatiza a gest\u00e3o ativa dos ativos, a reten\u00e7\u00e3o de locat\u00e1rios e aquisi\u00e7\u00f5es seletivas alinhadas \u00e0s tend\u00eancias macroecon\u00f4micas e aos fundamentos do setor. Por meio de fundos como o VISC11 e o VILG11, a Vinci oferece aos investidores acesso a im\u00f3veis de padr\u00e3o institucional em segmentos-chave da economia brasileira.<\/p>\n\n\n\n<p>No entanto, vale destacar que, embora a Vinci tenha obtido sucesso significativo com o VISC11, os fundos VINO11 (escrit\u00f3rios) e VIUR11 (im\u00f3veis urbanos) continuam sendo negociados bem abaixo dos valores patrimoniais dos pares, em 0,49x e 0,65x, respectivamente.<\/p>\n\n\n\n<h3 class=\"wp-block-heading\">\ud83d\udcd8 Saiba Mais<\/h3>\n\n\n\n<ul class=\"wp-block-list\">\n<li><a href=\"https:\/\/www.gringoinvestor.com\/pt\/fiis\/\">Guia para Investidores Internacionais<\/a><\/li>\n\n\n\n<li><a href=\"https:\/\/www.gringoinvestor.com\/pt\/como-escolher-fiis\/\">Como Eu Escolho FIIs<\/a><\/li>\n<\/ul>\n\n\n\n<p><\/p>\n\n\n\n<h3 class=\"wp-block-heading\">\ud83d\udd17 P\u00e1ginas Relacionadas<\/h3>\n\n\n\n<ul class=\"wp-block-list\">\n<li><a href=\"https:\/\/www.gringoinvestor.com\/pt\/fiis\/shoppings\/\">Vis\u00e3o Geral dos FIIs de Shoppings<\/a><\/li>\n\n\n\n<li><a href=\"https:\/\/www.gringoinvestor.com\/pt\/fiis\/logistica\/\">Vis\u00e3o Geral dos FIIs de Log\u00edstica<\/a><\/li>\n\n\n\n<li><a href=\"https:\/\/www.gringoinvestor.com\/pt\/fiis\/escritorios\/\">Vis\u00e3o Geral dos FIIs de Escrit\u00f3rios<\/a><\/li>\n\n\n\n<li><a href=\"https:\/\/www.gringoinvestor.com\/pt\/fiis\/urbano\/\">Vis\u00e3o Geral dos FIIs de Im\u00f3veis Urbanos<\/a><\/li>\n\n\n\n<li><a href=\"https:\/\/www.gringoinvestor.com\/pt\/fiis\/cri\/\">Vis\u00e3o Geral dos FIIs de CRI<\/a><\/li>\n<\/ul>\n\n\n\n<p><\/p>","protected":false},"excerpt":{"rendered":"<p>Vinci Partners is a leading Brazilian investment manager with a global reach. Through its Vinci Compass platform, the firm plays a key role in alternative investments and global solutions across Latin America. Vinci operates 13 offices across the Americas, including Brazil and the United States, and manages over US$53 billion in assets. Its operations span [&hellip;]<\/p>","protected":false},"author":1,"featured_media":0,"parent":2924,"menu_order":0,"comment_status":"closed","ping_status":"closed","template":"","meta":{"site-sidebar-layout":"default","site-content-layout":"","ast-site-content-layout":"default","site-content-style":"default","site-sidebar-style":"default","ast-global-header-display":"","ast-banner-title-visibility":"","ast-main-header-display":"","ast-hfb-above-header-display":"","ast-hfb-below-header-display":"","ast-hfb-mobile-header-display":"","site-post-title":"","ast-breadcrumbs-content":"","ast-featured-img":"","footer-sml-layout":"","ast-disable-related-posts":"","theme-transparent-header-meta":"","adv-header-id-meta":"","stick-header-meta":"","header-above-stick-meta":"","header-main-stick-meta":"","header-below-stick-meta":"","astra-migrate-meta-layouts":"set","ast-page-background-enabled":"default","ast-page-background-meta":{"desktop":{"background-color":"","background-image":"","background-repeat":"repeat","background-position":"center center","background-size":"auto","background-attachment":"scroll","background-type":"","background-media":"","overlay-type":"","overlay-color":"","overlay-opacity":"","overlay-gradient":""},"tablet":{"background-color":"","background-image":"","background-repeat":"repeat","background-position":"center center","background-size":"auto","background-attachment":"scroll","background-type":"","background-media":"","overlay-type":"","overlay-color":"","overlay-opacity":"","overlay-gradient":""},"mobile":{"background-color":"","background-image":"","background-repeat":"repeat","background-position":"center center","background-size":"auto","background-attachment":"scroll","background-type":"","background-media":"","overlay-type":"","overlay-color":"","overlay-opacity":"","overlay-gradient":""}},"ast-content-background-meta":{"desktop":{"background-color":"var(--ast-global-color-5)","background-image":"","background-repeat":"repeat","background-position":"center center","background-size":"auto","background-attachment":"scroll","background-type":"","background-media":"","overlay-type":"","overlay-color":"","overlay-opacity":"","overlay-gradient":""},"tablet":{"background-color":"var(--ast-global-color-5)","background-image":"","background-repeat":"repeat","background-position":"center center","background-size":"auto","background-attachment":"scroll","background-type":"","background-media":"","overlay-type":"","overlay-color":"","overlay-opacity":"","overlay-gradient":""},"mobile":{"background-color":"var(--ast-global-color-5)","background-image":"","background-repeat":"repeat","background-position":"center center","background-size":"auto","background-attachment":"scroll","background-type":"","background-media":"","overlay-type":"","overlay-color":"","overlay-opacity":"","overlay-gradient":""}},"footnotes":""},"class_list":["post-3053","page","type-page","status-publish","hentry"],"yoast_head":"<!-- This site is optimized with the Yoast SEO plugin v27.4 - https:\/\/yoast.com\/product\/yoast-seo-wordpress\/ -->\n<title>Vinci Partners - Gringo Investor<\/title>\n<meta name=\"description\" content=\"Explore Vinci Partner&#039;s role in Brazil\u2019s REIT market. Learn about its major FIIs, investment focus, and fund management approach.\" \/>\n<meta name=\"robots\" content=\"index, follow, max-snippet:-1, max-image-preview:large, max-video-preview:-1\" \/>\n<link rel=\"canonical\" href=\"https:\/\/www.gringoinvestor.com\/pt\/fiis\/gestoras\/vinci-partners\/\" \/>\n<meta property=\"og:locale\" content=\"pt_BR\" \/>\n<meta property=\"og:type\" content=\"article\" \/>\n<meta property=\"og:title\" content=\"Vinci Partners - Gringo Investor\" \/>\n<meta property=\"og:description\" content=\"Explore Vinci Partner&#039;s role in Brazil\u2019s REIT market. Learn about its major FIIs, investment focus, and fund management approach.\" \/>\n<meta property=\"og:url\" content=\"https:\/\/www.gringoinvestor.com\/pt\/fiis\/gestoras\/vinci-partners\/\" \/>\n<meta property=\"og:site_name\" content=\"Gringo Investor\" \/>\n<meta property=\"article:modified_time\" content=\"2025-07-04T19:31:16+00:00\" \/>\n<meta name=\"twitter:card\" content=\"summary_large_image\" \/>\n<meta name=\"twitter:site\" content=\"@b3gringo\" \/>\n<script type=\"application\/ld+json\" class=\"yoast-schema-graph\">{\"@context\":\"https:\\\/\\\/schema.org\",\"@graph\":[{\"@type\":\"WebPage\",\"@id\":\"https:\\\/\\\/www.gringoinvestor.com\\\/brazilian-reits\\\/managers\\\/vinci-partners\\\/\",\"url\":\"https:\\\/\\\/www.gringoinvestor.com\\\/brazilian-reits\\\/managers\\\/vinci-partners\\\/\",\"name\":\"Vinci Partners - Gringo Investor\",\"isPartOf\":{\"@id\":\"https:\\\/\\\/www.gringoinvestor.com\\\/#website\"},\"datePublished\":\"2025-06-28T19:18:28+00:00\",\"dateModified\":\"2025-07-04T19:31:16+00:00\",\"description\":\"Explore Vinci Partner's role in Brazil\u2019s REIT market. Learn about its major FIIs, investment focus, and fund management approach.\",\"breadcrumb\":{\"@id\":\"https:\\\/\\\/www.gringoinvestor.com\\\/brazilian-reits\\\/managers\\\/vinci-partners\\\/#breadcrumb\"},\"inLanguage\":\"pt-BR\",\"potentialAction\":[{\"@type\":\"ReadAction\",\"target\":[\"https:\\\/\\\/www.gringoinvestor.com\\\/brazilian-reits\\\/managers\\\/vinci-partners\\\/\"]}]},{\"@type\":\"BreadcrumbList\",\"@id\":\"https:\\\/\\\/www.gringoinvestor.com\\\/brazilian-reits\\\/managers\\\/vinci-partners\\\/#breadcrumb\",\"itemListElement\":[{\"@type\":\"ListItem\",\"position\":1,\"name\":\"Home\",\"item\":\"https:\\\/\\\/www.gringoinvestor.com\\\/\"},{\"@type\":\"ListItem\",\"position\":2,\"name\":\"FIIs\",\"item\":\"https:\\\/\\\/www.gringoinvestor.com\\\/brazilian-reits\\\/\"},{\"@type\":\"ListItem\",\"position\":3,\"name\":\"Managers\",\"item\":\"https:\\\/\\\/www.gringoinvestor.com\\\/brazilian-reits\\\/managers\\\/\"},{\"@type\":\"ListItem\",\"position\":4,\"name\":\"Vinci Partners\"}]},{\"@type\":\"WebSite\",\"@id\":\"https:\\\/\\\/www.gringoinvestor.com\\\/#website\",\"url\":\"https:\\\/\\\/www.gringoinvestor.com\\\/\",\"name\":\"Gringo Investor\",\"description\":\"Bay Street to B3\",\"publisher\":{\"@id\":\"https:\\\/\\\/www.gringoinvestor.com\\\/#\\\/schema\\\/person\\\/debd4ef6bf9a740a4e645efc4fca4cb7\"},\"potentialAction\":[{\"@type\":\"SearchAction\",\"target\":{\"@type\":\"EntryPoint\",\"urlTemplate\":\"https:\\\/\\\/www.gringoinvestor.com\\\/?s={search_term_string}\"},\"query-input\":{\"@type\":\"PropertyValueSpecification\",\"valueRequired\":true,\"valueName\":\"search_term_string\"}}],\"inLanguage\":\"pt-BR\"},{\"@type\":[\"Person\",\"Organization\"],\"@id\":\"https:\\\/\\\/www.gringoinvestor.com\\\/#\\\/schema\\\/person\\\/debd4ef6bf9a740a4e645efc4fca4cb7\",\"name\":\"Gringo Investor\",\"image\":{\"@type\":\"ImageObject\",\"inLanguage\":\"pt-BR\",\"@id\":\"https:\\\/\\\/www.gringoinvestor.com\\\/wp-content\\\/uploads\\\/2025\\\/05\\\/gringo-investor-logo-brazil-investing.png\",\"url\":\"https:\\\/\\\/www.gringoinvestor.com\\\/wp-content\\\/uploads\\\/2025\\\/05\\\/gringo-investor-logo-brazil-investing.png\",\"contentUrl\":\"https:\\\/\\\/www.gringoinvestor.com\\\/wp-content\\\/uploads\\\/2025\\\/05\\\/gringo-investor-logo-brazil-investing.png\",\"width\":1022,\"height\":386,\"caption\":\"Gringo Investor\"},\"logo\":{\"@id\":\"https:\\\/\\\/www.gringoinvestor.com\\\/wp-content\\\/uploads\\\/2025\\\/05\\\/gringo-investor-logo-brazil-investing.png\"},\"description\":\"Gringo Investor is a Canadian expat living in Brazil, offering insights on navigating the Brazilian stock market, FIIs (REITs), and alternative investments from a foreigner's perspective. With a background in finance, law, and technology, he shares practical analysis of Brazilian investment opportunities for global investors.\",\"sameAs\":[\"http:\\\/\\\/gringoinvestor.com\",\"https:\\\/\\\/x.com\\\/b3gringo\"]}]}<\/script>\n<!-- \/ Yoast SEO plugin. -->","yoast_head_json":{"title":"Vinci Partners - Gringo Investor","description":"Explore o papel da Vinci Partners no mercado de FIIs no Brasil. Conhe\u00e7a seus principais fundos, foco de investimento e abordagem de gest\u00e3o.","robots":{"index":"index","follow":"follow","max-snippet":"max-snippet:-1","max-image-preview":"max-image-preview:large","max-video-preview":"max-video-preview:-1"},"canonical":"https:\/\/www.gringoinvestor.com\/pt\/fiis\/gestoras\/vinci-partners\/","og_locale":"pt_BR","og_type":"article","og_title":"Vinci Partners - Gringo Investor","og_description":"Explore Vinci Partner's role in Brazil\u2019s REIT market. Learn about its major FIIs, investment focus, and fund management approach.","og_url":"https:\/\/www.gringoinvestor.com\/pt\/fiis\/gestoras\/vinci-partners\/","og_site_name":"Gringo Investor","article_modified_time":"2025-07-04T19:31:16+00:00","twitter_card":"summary_large_image","twitter_site":"@b3gringo","schema":{"@context":"https:\/\/schema.org","@graph":[{"@type":"WebPage","@id":"https:\/\/www.gringoinvestor.com\/brazilian-reits\/managers\/vinci-partners\/","url":"https:\/\/www.gringoinvestor.com\/brazilian-reits\/managers\/vinci-partners\/","name":"Vinci Partners - Gringo Investor","isPartOf":{"@id":"https:\/\/www.gringoinvestor.com\/#website"},"datePublished":"2025-06-28T19:18:28+00:00","dateModified":"2025-07-04T19:31:16+00:00","description":"Explore o papel da Vinci Partners no mercado de FIIs no Brasil. Conhe\u00e7a seus principais fundos, foco de investimento e abordagem de gest\u00e3o.","breadcrumb":{"@id":"https:\/\/www.gringoinvestor.com\/brazilian-reits\/managers\/vinci-partners\/#breadcrumb"},"inLanguage":"pt-BR","potentialAction":[{"@type":"ReadAction","target":["https:\/\/www.gringoinvestor.com\/brazilian-reits\/managers\/vinci-partners\/"]}]},{"@type":"BreadcrumbList","@id":"https:\/\/www.gringoinvestor.com\/brazilian-reits\/managers\/vinci-partners\/#breadcrumb","itemListElement":[{"@type":"ListItem","position":1,"name":"Home","item":"https:\/\/www.gringoinvestor.com\/"},{"@type":"ListItem","position":2,"name":"FIIs","item":"https:\/\/www.gringoinvestor.com\/brazilian-reits\/"},{"@type":"ListItem","position":3,"name":"Managers","item":"https:\/\/www.gringoinvestor.com\/brazilian-reits\/managers\/"},{"@type":"ListItem","position":4,"name":"Vinci Partners"}]},{"@type":"WebSite","@id":"https:\/\/www.gringoinvestor.com\/#website","url":"https:\/\/www.gringoinvestor.com\/","name":"Gringo Investor","description":"Da Bay Street para a B3","publisher":{"@id":"https:\/\/www.gringoinvestor.com\/#\/schema\/person\/debd4ef6bf9a740a4e645efc4fca4cb7"},"potentialAction":[{"@type":"SearchAction","target":{"@type":"EntryPoint","urlTemplate":"https:\/\/www.gringoinvestor.com\/?s={search_term_string}"},"query-input":{"@type":"PropertyValueSpecification","valueRequired":true,"valueName":"search_term_string"}}],"inLanguage":"pt-BR"},{"@type":["Person","Organization"],"@id":"https:\/\/www.gringoinvestor.com\/#\/schema\/person\/debd4ef6bf9a740a4e645efc4fca4cb7","name":"Gringo Investor","image":{"@type":"ImageObject","inLanguage":"pt-BR","@id":"https:\/\/www.gringoinvestor.com\/wp-content\/uploads\/2025\/05\/gringo-investor-logo-brazil-investing.png","url":"https:\/\/www.gringoinvestor.com\/wp-content\/uploads\/2025\/05\/gringo-investor-logo-brazil-investing.png","contentUrl":"https:\/\/www.gringoinvestor.com\/wp-content\/uploads\/2025\/05\/gringo-investor-logo-brazil-investing.png","width":1022,"height":386,"caption":"Gringo Investor"},"logo":{"@id":"https:\/\/www.gringoinvestor.com\/wp-content\/uploads\/2025\/05\/gringo-investor-logo-brazil-investing.png"},"description":"Gringo Investor \u00e9 um expatriado canadense vivendo no Brasil, oferecendo insights sobre como navegar pelo mercado de a\u00e7\u00f5es brasileiro, FIIs e investimentos alternativos sob a perspectiva de um estrangeiro. Com forma\u00e7\u00e3o em finan\u00e7as, direito e tecnologia, compartilha an\u00e1lises pr\u00e1ticas sobre oportunidades de investimento no Brasil para investidores globais.","sameAs":["http:\/\/gringoinvestor.com","https:\/\/x.com\/b3gringo"]}]}},"_links":{"self":[{"href":"https:\/\/www.gringoinvestor.com\/pt\/wp-json\/wp\/v2\/pages\/3053","targetHints":{"allow":["GET"]}}],"collection":[{"href":"https:\/\/www.gringoinvestor.com\/pt\/wp-json\/wp\/v2\/pages"}],"about":[{"href":"https:\/\/www.gringoinvestor.com\/pt\/wp-json\/wp\/v2\/types\/page"}],"author":[{"embeddable":true,"href":"https:\/\/www.gringoinvestor.com\/pt\/wp-json\/wp\/v2\/users\/1"}],"replies":[{"embeddable":true,"href":"https:\/\/www.gringoinvestor.com\/pt\/wp-json\/wp\/v2\/comments?post=3053"}],"version-history":[{"count":18,"href":"https:\/\/www.gringoinvestor.com\/pt\/wp-json\/wp\/v2\/pages\/3053\/revisions"}],"predecessor-version":[{"id":3363,"href":"https:\/\/www.gringoinvestor.com\/pt\/wp-json\/wp\/v2\/pages\/3053\/revisions\/3363"}],"up":[{"embeddable":true,"href":"https:\/\/www.gringoinvestor.com\/pt\/wp-json\/wp\/v2\/pages\/2924"}],"wp:attachment":[{"href":"https:\/\/www.gringoinvestor.com\/pt\/wp-json\/wp\/v2\/media?parent=3053"}],"curies":[{"name":"wp","href":"https:\/\/api.w.org\/{rel}","templated":true}]}}