{"id":3077,"date":"2025-06-28T17:05:41","date_gmt":"2025-06-28T20:05:41","guid":{"rendered":"https:\/\/www.gringoinvestor.com\/?page_id=3077"},"modified":"2025-06-28T17:20:47","modified_gmt":"2025-06-28T20:20:47","slug":"hedge-investments","status":"publish","type":"page","link":"https:\/\/www.gringoinvestor.com\/pt\/fiis\/gestoras\/hedge-investments\/","title":{"rendered":"Hedge Investments"},"content":{"rendered":"<p>A Hedge Investments \u00e9 uma gestora especializada em ativos imobili\u00e1rios, reconhecida por sua abordagem baseada em pesquisas, estrutura\u00e7\u00e3o criativa e compromisso com a expans\u00e3o global do mercado de FIIs no Brasil. A empresa foi uma das pioneiras no segmento de FIIs e permanece como uma das poucas gestoras brasileiras com presen\u00e7a internacional significativa. Embora a Hedge seja mais conhecida por sua profunda especializa\u00e7\u00e3o em im\u00f3veis, a gestora tamb\u00e9m administra uma sele\u00e7\u00e3o de fundos multimercado e de cr\u00e9dito, refletindo uma abordagem mais ampla para investimentos alternativos.<\/p>\n\n\n\n<p>A Hedge administra o HGBS11, o terceiro maior FII de shoppings do Brasil e atualmente o \u00fanico classificado pela S&amp;P, uma distin\u00e7\u00e3o que refor\u00e7a a credibilidade junto a investidores globais. A gestora tamb\u00e9m administra o HFOF11, um fundo multiestrat\u00e9gia de fundos, sendo ambos componentes do <a href=\"https:\/\/www.gringoinvestor.com\/pt\/fiis\/indice-ifix\/\">IFIX<\/a>. <\/p>\n\n\n\n<p>Em 2025, a gestora lan\u00e7ou <a href=\"https:\/\/www.gringoinvestor.com\/pt\/fiis\/etf-hert11\/\">HERT11<\/a>, o primeiro ETF do Brasil projetado para replicar um amplo \u00edndice de FIIs de tijolo, com o objetivo de aumentar a acessibilidade para investidores estrangeiros. Juntos, esses ve\u00edculos refletem a \u00eanfase da Hedge em portf\u00f3lios de qualidade, an\u00e1lise macroecon\u00f4mica e as melhores pr\u00e1ticas globais em governan\u00e7a e transpar\u00eancia.<\/p>\n\n\n\n<p>Al\u00e9m de seus fundos mais conhecidos listados no IFIX, como o HGBS11 e o HFOF11, a Hedge administra uma gama mais ampla de ve\u00edculos imobili\u00e1rios, incluindo fundos monoativos como o FLRP11, que det\u00e9m participa\u00e7\u00e3o significativa em um shopping em Florian\u00f3polis, e o CJCT11, focado no complexo Cidade Jardim em S\u00e3o Paulo. Esses fundos oferecem aos investidores uma forma de apostar em ativos ou mercados espec\u00edficos, mas geralmente apresentam exposi\u00e7\u00e3o mais concentrada e menor liquidez em compara\u00e7\u00e3o com os principais produtos da Hedge.<\/p>\n\n\n\n<p>A Hedge \u00e9 uma das poucas gestoras brasileiras de FIIs que atua ativamente com investidores internacionais, combinando expertise local com padr\u00f5es globais de transpar\u00eancia e governan\u00e7a.<\/p>\n\n\n\n<p>Voc\u00ea pode visitar o site da Hedge Investments <a href=\"https:\/\/www.hedgeinvest.com.br\/en\/\" target=\"_blank\" rel=\"noreferrer noopener\">aqui<\/a>.<\/p>\n\n\n\n<p><em>Atualizado em 28 de junho de 2025.<\/em><\/p>\n\n\n\n<h2 class=\"wp-block-heading\">\ud83d\udd0d Principais FIIs Geridos pela Hedge<\/h2>\n\n\n\n<figure class=\"wp-block-table\"><table class=\"has-fixed-layout\"><thead><tr><th class=\"has-text-align-left\" data-align=\"left\">Ticker<\/th><th class=\"has-text-align-left\" data-align=\"left\">Nome do Fundo<\/th><th class=\"has-text-align-left\" data-align=\"left\">Segmento<\/th><th class=\"has-text-align-left\" data-align=\"left\">Capitaliza\u00e7\u00e3o de Mercado<\/th><\/tr><\/thead><tbody><tr><td class=\"has-text-align-left\" data-align=\"left\"><a href=\"https:\/\/www.gringoinvestor.com\/pt\/fiis\/shoppings\/hgbs11\/\">HGBS11<\/a><\/td><td class=\"has-text-align-left\" data-align=\"left\">Hedge Brasil Shopping<\/td><td class=\"has-text-align-left\" data-align=\"left\">Shoppings<\/td><td class=\"has-text-align-left\" data-align=\"left\">R$2.5B<\/td><\/tr><tr><td class=\"has-text-align-left\" data-align=\"left\">HFOF11<\/td><td class=\"has-text-align-left\" data-align=\"left\">Hedge Top FOF<\/td><td class=\"has-text-align-left\" data-align=\"left\">Fund of Funds<\/td><td class=\"has-text-align-left\" data-align=\"left\">R$1.4B<\/td><\/tr><\/tbody><\/table><\/figure>\n\n\n\n<p><em>Observa\u00e7\u00e3o: A Hedge administra diversos outros FIIs que n\u00e3o est\u00e3o inclu\u00eddos nesta lista. Aqui s\u00e3o exibidos apenas os fundos listados com maior relev\u00e2ncia em termos de patrim\u00f4nio sob gest\u00e3o e liquidez.<\/em><\/p>\n\n\n\n<h2 class=\"wp-block-heading\">\ud83d\udcca Estrat\u00e9gia de Investimento Imobili\u00e1rio<\/h2>\n\n\n\n<p>A Hedge Investments concentra-se em im\u00f3veis f\u00edsicos (tijolo), adotando uma estrat\u00e9gia que varia conforme sua diversificada linha de fundos. A gestora combina an\u00e1lises macroecon\u00f4micas top-down com sele\u00e7\u00e3o de propriedades bottom-up, oferecendo exposi\u00e7\u00e3o tanto a portf\u00f3lios diversificados quanto a ativos espec\u00edficos de alta convic\u00e7\u00e3o.<\/p>\n\n\n\n<p>Algumas estrat\u00e9gias, como o ETF HERT11, refletem a perspectiva macroecon\u00f4mica da Hedge e seu compromisso em ampliar o acesso para investidores internacionais. Outras, como o FLRP11 e o CJCT11, s\u00e3o estruturadas em torno de ativos espec\u00edficos ou teses de investimento localizadas.<\/p>\n\n\n\n<p>Em seus produtos, a Hedge enfatiza governan\u00e7a, transpar\u00eancia e alinhamento com as melhores pr\u00e1ticas globais do setor imobili\u00e1rio, posicionando-se como uma ponte entre o mercado imobili\u00e1rio brasileiro e o capital internacional.<\/p>\n\n\n\n<p>O HERT11 encapsula essa filosofia ao oferecer exposi\u00e7\u00e3o diversificada em um formato adaptado aos investidores internacionais de REITs.<\/p>\n\n\n\n<h3 class=\"wp-block-heading\">\ud83d\udcd8 Saiba Mais<\/h3>\n\n\n\n<ul class=\"wp-block-list\">\n<li><a href=\"https:\/\/www.gringoinvestor.com\/pt\/fiis\/\">Guia para Investidores Internacionais<\/a><\/li>\n\n\n\n<li><a href=\"https:\/\/www.gringoinvestor.com\/pt\/como-escolher-fiis\/\">Como Eu Escolho FIIs<\/a><\/li>\n<\/ul>\n\n\n\n<p><\/p>\n\n\n\n<h3 class=\"wp-block-heading\">\ud83d\udd17 P\u00e1ginas Relacionadas<\/h3>\n\n\n\n<ul class=\"wp-block-list\">\n<li><a href=\"https:\/\/www.gringoinvestor.com\/pt\/fiis\/shoppings\/\">Vis\u00e3o Geral dos FIIs de Shoppings<\/a><\/li>\n\n\n\n<li><a href=\"https:\/\/www.gringoinvestor.com\/pt\/fiis\/logistica\/\">Vis\u00e3o Geral dos FIIs de Log\u00edstica<\/a><\/li>\n\n\n\n<li><a href=\"https:\/\/www.gringoinvestor.com\/pt\/fiis\/escritorios\/\">Vis\u00e3o Geral dos FIIs de Escrit\u00f3rios<\/a><\/li>\n\n\n\n<li><a href=\"https:\/\/www.gringoinvestor.com\/pt\/fiis\/urbano\/\">Vis\u00e3o Geral dos FIIs de Im\u00f3veis Urbanos<\/a><\/li>\n\n\n\n<li><a href=\"https:\/\/www.gringoinvestor.com\/pt\/fiis\/cri\/\">Vis\u00e3o Geral dos FIIs de CRI<\/a><\/li>\n<\/ul>\n\n\n\n<p><\/p>","protected":false},"excerpt":{"rendered":"<p>Hedge Investments is a specialist real estate asset manager known for its research-driven approach, creative structuring, and commitment to expanding Brazil\u2019s REIT market globally. The firm was an early pioneer in the FII space and remains one of the few Brazilian managers with a meaningful international footprint. While Hedge is best known for its deep [&hellip;]<\/p>","protected":false},"author":1,"featured_media":0,"parent":2924,"menu_order":0,"comment_status":"closed","ping_status":"closed","template":"","meta":{"site-sidebar-layout":"default","site-content-layout":"","ast-site-content-layout":"default","site-content-style":"default","site-sidebar-style":"default","ast-global-header-display":"","ast-banner-title-visibility":"","ast-main-header-display":"","ast-hfb-above-header-display":"","ast-hfb-below-header-display":"","ast-hfb-mobile-header-display":"","site-post-title":"","ast-breadcrumbs-content":"","ast-featured-img":"","footer-sml-layout":"","ast-disable-related-posts":"","theme-transparent-header-meta":"","adv-header-id-meta":"","stick-header-meta":"","header-above-stick-meta":"","header-main-stick-meta":"","header-below-stick-meta":"","astra-migrate-meta-layouts":"set","ast-page-background-enabled":"default","ast-page-background-meta":{"desktop":{"background-color":"","background-image":"","background-repeat":"repeat","background-position":"center center","background-size":"auto","background-attachment":"scroll","background-type":"","background-media":"","overlay-type":"","overlay-color":"","overlay-opacity":"","overlay-gradient":""},"tablet":{"background-color":"","background-image":"","background-repeat":"repeat","background-position":"center center","background-size":"auto","background-attachment":"scroll","background-type":"","background-media":"","overlay-type":"","overlay-color":"","overlay-opacity":"","overlay-gradient":""},"mobile":{"background-color":"","background-image":"","background-repeat":"repeat","background-position":"center center","background-size":"auto","background-attachment":"scroll","background-type":"","background-media":"","overlay-type":"","overlay-color":"","overlay-opacity":"","overlay-gradient":""}},"ast-content-background-meta":{"desktop":{"background-color":"var(--ast-global-color-5)","background-image":"","background-repeat":"repeat","background-position":"center center","background-size":"auto","background-attachment":"scroll","background-type":"","background-media":"","overlay-type":"","overlay-color":"","overlay-opacity":"","overlay-gradient":""},"tablet":{"background-color":"var(--ast-global-color-5)","background-image":"","background-repeat":"repeat","background-position":"center center","background-size":"auto","background-attachment":"scroll","background-type":"","background-media":"","overlay-type":"","overlay-color":"","overlay-opacity":"","overlay-gradient":""},"mobile":{"background-color":"var(--ast-global-color-5)","background-image":"","background-repeat":"repeat","background-position":"center center","background-size":"auto","background-attachment":"scroll","background-type":"","background-media":"","overlay-type":"","overlay-color":"","overlay-opacity":"","overlay-gradient":""}},"footnotes":""},"class_list":["post-3077","page","type-page","status-publish","hentry"],"yoast_head":"<!-- This site is optimized with the Yoast SEO plugin v27.4 - https:\/\/yoast.com\/product\/yoast-seo-wordpress\/ -->\n<title>Hedge Investments - Gringo Investor<\/title>\n<meta name=\"description\" content=\"Explore Hedge Investment&#039;s role in Brazil\u2019s REIT market. Learn about its major FIIs, investment focus, and fund management approach.\" \/>\n<meta name=\"robots\" content=\"index, follow, max-snippet:-1, max-image-preview:large, max-video-preview:-1\" \/>\n<link rel=\"canonical\" href=\"https:\/\/www.gringoinvestor.com\/pt\/fiis\/gestoras\/hedge-investments\/\" \/>\n<meta property=\"og:locale\" content=\"pt_BR\" \/>\n<meta property=\"og:type\" content=\"article\" \/>\n<meta property=\"og:title\" content=\"Hedge Investments - Gringo Investor\" \/>\n<meta property=\"og:description\" content=\"Explore Hedge Investment&#039;s role in Brazil\u2019s REIT market. Learn about its major FIIs, investment focus, and fund management approach.\" \/>\n<meta property=\"og:url\" content=\"https:\/\/www.gringoinvestor.com\/pt\/fiis\/gestoras\/hedge-investments\/\" \/>\n<meta property=\"og:site_name\" content=\"Gringo Investor\" \/>\n<meta property=\"article:modified_time\" content=\"2025-06-28T20:20:47+00:00\" \/>\n<meta name=\"twitter:card\" content=\"summary_large_image\" \/>\n<meta name=\"twitter:site\" content=\"@b3gringo\" \/>\n<script type=\"application\/ld+json\" class=\"yoast-schema-graph\">{\"@context\":\"https:\\\/\\\/schema.org\",\"@graph\":[{\"@type\":\"WebPage\",\"@id\":\"https:\\\/\\\/www.gringoinvestor.com\\\/brazilian-reits\\\/managers\\\/hedge-investments\\\/\",\"url\":\"https:\\\/\\\/www.gringoinvestor.com\\\/brazilian-reits\\\/managers\\\/hedge-investments\\\/\",\"name\":\"Hedge Investments - Gringo Investor\",\"isPartOf\":{\"@id\":\"https:\\\/\\\/www.gringoinvestor.com\\\/#website\"},\"datePublished\":\"2025-06-28T20:05:41+00:00\",\"dateModified\":\"2025-06-28T20:20:47+00:00\",\"description\":\"Explore Hedge Investment's role in Brazil\u2019s REIT market. Learn about its major FIIs, investment focus, and fund management approach.\",\"breadcrumb\":{\"@id\":\"https:\\\/\\\/www.gringoinvestor.com\\\/brazilian-reits\\\/managers\\\/hedge-investments\\\/#breadcrumb\"},\"inLanguage\":\"pt-BR\",\"potentialAction\":[{\"@type\":\"ReadAction\",\"target\":[\"https:\\\/\\\/www.gringoinvestor.com\\\/brazilian-reits\\\/managers\\\/hedge-investments\\\/\"]}]},{\"@type\":\"BreadcrumbList\",\"@id\":\"https:\\\/\\\/www.gringoinvestor.com\\\/brazilian-reits\\\/managers\\\/hedge-investments\\\/#breadcrumb\",\"itemListElement\":[{\"@type\":\"ListItem\",\"position\":1,\"name\":\"Home\",\"item\":\"https:\\\/\\\/www.gringoinvestor.com\\\/\"},{\"@type\":\"ListItem\",\"position\":2,\"name\":\"FIIs\",\"item\":\"https:\\\/\\\/www.gringoinvestor.com\\\/brazilian-reits\\\/\"},{\"@type\":\"ListItem\",\"position\":3,\"name\":\"Managers\",\"item\":\"https:\\\/\\\/www.gringoinvestor.com\\\/brazilian-reits\\\/managers\\\/\"},{\"@type\":\"ListItem\",\"position\":4,\"name\":\"Hedge Investments\"}]},{\"@type\":\"WebSite\",\"@id\":\"https:\\\/\\\/www.gringoinvestor.com\\\/#website\",\"url\":\"https:\\\/\\\/www.gringoinvestor.com\\\/\",\"name\":\"Gringo Investor\",\"description\":\"Bay Street to B3\",\"publisher\":{\"@id\":\"https:\\\/\\\/www.gringoinvestor.com\\\/#\\\/schema\\\/person\\\/debd4ef6bf9a740a4e645efc4fca4cb7\"},\"potentialAction\":[{\"@type\":\"SearchAction\",\"target\":{\"@type\":\"EntryPoint\",\"urlTemplate\":\"https:\\\/\\\/www.gringoinvestor.com\\\/?s={search_term_string}\"},\"query-input\":{\"@type\":\"PropertyValueSpecification\",\"valueRequired\":true,\"valueName\":\"search_term_string\"}}],\"inLanguage\":\"pt-BR\"},{\"@type\":[\"Person\",\"Organization\"],\"@id\":\"https:\\\/\\\/www.gringoinvestor.com\\\/#\\\/schema\\\/person\\\/debd4ef6bf9a740a4e645efc4fca4cb7\",\"name\":\"Gringo Investor\",\"image\":{\"@type\":\"ImageObject\",\"inLanguage\":\"pt-BR\",\"@id\":\"https:\\\/\\\/www.gringoinvestor.com\\\/wp-content\\\/uploads\\\/2025\\\/05\\\/gringo-investor-logo-brazil-investing.png\",\"url\":\"https:\\\/\\\/www.gringoinvestor.com\\\/wp-content\\\/uploads\\\/2025\\\/05\\\/gringo-investor-logo-brazil-investing.png\",\"contentUrl\":\"https:\\\/\\\/www.gringoinvestor.com\\\/wp-content\\\/uploads\\\/2025\\\/05\\\/gringo-investor-logo-brazil-investing.png\",\"width\":1022,\"height\":386,\"caption\":\"Gringo Investor\"},\"logo\":{\"@id\":\"https:\\\/\\\/www.gringoinvestor.com\\\/wp-content\\\/uploads\\\/2025\\\/05\\\/gringo-investor-logo-brazil-investing.png\"},\"description\":\"Gringo Investor is a Canadian expat living in Brazil, offering insights on navigating the Brazilian stock market, FIIs (REITs), and alternative investments from a foreigner's perspective. With a background in finance, law, and technology, he shares practical analysis of Brazilian investment opportunities for global investors.\",\"sameAs\":[\"http:\\\/\\\/gringoinvestor.com\",\"https:\\\/\\\/x.com\\\/b3gringo\"]}]}<\/script>\n<!-- \/ Yoast SEO plugin. -->","yoast_head_json":{"title":"Hedge Investments - Gringo Investor","description":"Explore o papel da Hedge Investments no mercado de FIIs no Brasil. Conhe\u00e7a seus principais fundos, foco de investimento e abordagem de gest\u00e3o.","robots":{"index":"index","follow":"follow","max-snippet":"max-snippet:-1","max-image-preview":"max-image-preview:large","max-video-preview":"max-video-preview:-1"},"canonical":"https:\/\/www.gringoinvestor.com\/pt\/fiis\/gestoras\/hedge-investments\/","og_locale":"pt_BR","og_type":"article","og_title":"Hedge Investments - Gringo Investor","og_description":"Explore Hedge Investment's role in Brazil\u2019s REIT market. Learn about its major FIIs, investment focus, and fund management approach.","og_url":"https:\/\/www.gringoinvestor.com\/pt\/fiis\/gestoras\/hedge-investments\/","og_site_name":"Gringo Investor","article_modified_time":"2025-06-28T20:20:47+00:00","twitter_card":"summary_large_image","twitter_site":"@b3gringo","schema":{"@context":"https:\/\/schema.org","@graph":[{"@type":"WebPage","@id":"https:\/\/www.gringoinvestor.com\/brazilian-reits\/managers\/hedge-investments\/","url":"https:\/\/www.gringoinvestor.com\/brazilian-reits\/managers\/hedge-investments\/","name":"Hedge Investments - Gringo Investor","isPartOf":{"@id":"https:\/\/www.gringoinvestor.com\/#website"},"datePublished":"2025-06-28T20:05:41+00:00","dateModified":"2025-06-28T20:20:47+00:00","description":"Explore o papel da Hedge Investments no mercado de FIIs no Brasil. Conhe\u00e7a seus principais fundos, foco de investimento e abordagem de gest\u00e3o.","breadcrumb":{"@id":"https:\/\/www.gringoinvestor.com\/brazilian-reits\/managers\/hedge-investments\/#breadcrumb"},"inLanguage":"pt-BR","potentialAction":[{"@type":"ReadAction","target":["https:\/\/www.gringoinvestor.com\/brazilian-reits\/managers\/hedge-investments\/"]}]},{"@type":"BreadcrumbList","@id":"https:\/\/www.gringoinvestor.com\/brazilian-reits\/managers\/hedge-investments\/#breadcrumb","itemListElement":[{"@type":"ListItem","position":1,"name":"Home","item":"https:\/\/www.gringoinvestor.com\/"},{"@type":"ListItem","position":2,"name":"FIIs","item":"https:\/\/www.gringoinvestor.com\/brazilian-reits\/"},{"@type":"ListItem","position":3,"name":"Managers","item":"https:\/\/www.gringoinvestor.com\/brazilian-reits\/managers\/"},{"@type":"ListItem","position":4,"name":"Hedge Investments"}]},{"@type":"WebSite","@id":"https:\/\/www.gringoinvestor.com\/#website","url":"https:\/\/www.gringoinvestor.com\/","name":"Gringo Investor","description":"Da Bay Street para a B3","publisher":{"@id":"https:\/\/www.gringoinvestor.com\/#\/schema\/person\/debd4ef6bf9a740a4e645efc4fca4cb7"},"potentialAction":[{"@type":"SearchAction","target":{"@type":"EntryPoint","urlTemplate":"https:\/\/www.gringoinvestor.com\/?s={search_term_string}"},"query-input":{"@type":"PropertyValueSpecification","valueRequired":true,"valueName":"search_term_string"}}],"inLanguage":"pt-BR"},{"@type":["Person","Organization"],"@id":"https:\/\/www.gringoinvestor.com\/#\/schema\/person\/debd4ef6bf9a740a4e645efc4fca4cb7","name":"Gringo Investor","image":{"@type":"ImageObject","inLanguage":"pt-BR","@id":"https:\/\/www.gringoinvestor.com\/wp-content\/uploads\/2025\/05\/gringo-investor-logo-brazil-investing.png","url":"https:\/\/www.gringoinvestor.com\/wp-content\/uploads\/2025\/05\/gringo-investor-logo-brazil-investing.png","contentUrl":"https:\/\/www.gringoinvestor.com\/wp-content\/uploads\/2025\/05\/gringo-investor-logo-brazil-investing.png","width":1022,"height":386,"caption":"Gringo Investor"},"logo":{"@id":"https:\/\/www.gringoinvestor.com\/wp-content\/uploads\/2025\/05\/gringo-investor-logo-brazil-investing.png"},"description":"Gringo Investor \u00e9 um expatriado canadense vivendo no Brasil, oferecendo insights sobre como navegar pelo mercado de a\u00e7\u00f5es brasileiro, FIIs e investimentos alternativos sob a perspectiva de um estrangeiro. Com forma\u00e7\u00e3o em finan\u00e7as, direito e tecnologia, compartilha an\u00e1lises pr\u00e1ticas sobre oportunidades de investimento no Brasil para investidores globais.","sameAs":["http:\/\/gringoinvestor.com","https:\/\/x.com\/b3gringo"]}]}},"_links":{"self":[{"href":"https:\/\/www.gringoinvestor.com\/pt\/wp-json\/wp\/v2\/pages\/3077","targetHints":{"allow":["GET"]}}],"collection":[{"href":"https:\/\/www.gringoinvestor.com\/pt\/wp-json\/wp\/v2\/pages"}],"about":[{"href":"https:\/\/www.gringoinvestor.com\/pt\/wp-json\/wp\/v2\/types\/page"}],"author":[{"embeddable":true,"href":"https:\/\/www.gringoinvestor.com\/pt\/wp-json\/wp\/v2\/users\/1"}],"replies":[{"embeddable":true,"href":"https:\/\/www.gringoinvestor.com\/pt\/wp-json\/wp\/v2\/comments?post=3077"}],"version-history":[{"count":12,"href":"https:\/\/www.gringoinvestor.com\/pt\/wp-json\/wp\/v2\/pages\/3077\/revisions"}],"predecessor-version":[{"id":3091,"href":"https:\/\/www.gringoinvestor.com\/pt\/wp-json\/wp\/v2\/pages\/3077\/revisions\/3091"}],"up":[{"embeddable":true,"href":"https:\/\/www.gringoinvestor.com\/pt\/wp-json\/wp\/v2\/pages\/2924"}],"wp:attachment":[{"href":"https:\/\/www.gringoinvestor.com\/pt\/wp-json\/wp\/v2\/media?parent=3077"}],"curies":[{"name":"wp","href":"https:\/\/api.w.org\/{rel}","templated":true}]}}